{"id":1898,"date":"2019-06-05T10:37:58","date_gmt":"2019-06-05T08:37:58","guid":{"rendered":"http:\/\/ozono-terapia.com\/politica-de-cookies\/"},"modified":"2019-06-05T10:37:58","modified_gmt":"2019-06-05T08:37:58","slug":"politica-de-cookies","status":"publish","type":"page","link":"https:\/\/www.ozono-terapia.com\/ca\/politica-de-cookies\/","title":{"rendered":"Pol\u00edtica de Cookies"},"content":{"rendered":"<div class=\"fusion-fullwidth fullwidth-box fusion-builder-row-1 nonhundred-percent-fullwidth non-hundred-percent-height-scrolling\" style=\"--awb-border-radius-top-left:0px;--awb-border-radius-top-right:0px;--awb-border-radius-bottom-right:0px;--awb-border-radius-bottom-left:0px;--awb-margin-top:60px;--awb-margin-bottom:60px;--awb-flex-wrap:wrap;\" ><div class=\"fusion-builder-row fusion-row\"><div class=\"fusion-layout-column fusion_builder_column fusion-builder-column-0 fusion_builder_column_1_1 1_1 fusion-one-full fusion-column-first fusion-column-last\" style=\"--awb-bg-size:cover;--awb-margin-bottom:0px;\"><div class=\"fusion-column-wrapper fusion-flex-column-wrapper-legacy\"><div class=\"fusion-text fusion-text-1\"><h2>Pol\u00edtica de Cookies<\/h2>\n<p align=\"justify\"><strong>\u00bfQu\u00e9 son las cookies?<\/strong><\/p>\n<p align=\"justify\">Una cookie es un fichero que se descarga en su ordenador al acceder a determinadas p\u00e1ginas Web. Las cookies permiten a una p\u00e1gina Web, entre otras cosas, almacenar y recuperar informaci\u00f3n sobre los h\u00e1bitos de navegaci\u00f3n de un usuario o de su equipo y, dependiendo de la informaci\u00f3n que contengan y de la forma en que utilice su equipo, pueden utilizarse para reconocer al usuario. Las cookies tambi\u00e9n pueden ser utilizadas para registrar informaci\u00f3n an\u00f3nima acerca de c\u00f3mo un visitante utiliza un sitio. Por ejemplo, desde qu\u00e9 p\u00e1gina Web ha accedido, o si ha utilizado un banner publicitario para llegar.<\/p>\n<p align=\"justify\"><strong>\u00bfPor qu\u00e9\u00a0INSTITUT CATAL\u00c0 D&#8217;OZONOTERAPIA\u00a0utiliza cookies?<\/strong><\/p>\n<p align=\"justify\"><strong>INSTITUT CATAL\u00c0 D&#8217;OZONOTERAPIA\u00a0<\/strong>utiliza cookies estrictamente necesarias y esenciales para que usted utilice nuestro sitio Web y le permita moverse libremente, utilizar \u00e1reas privadas, opciones personalizadas, etc. Adem\u00e1s,\u00a0<strong>INSTITUT CATAL\u00c0\u00a0 D&#8217;OZONOTERAPIA\u00a0<\/strong>utiliza cookies que recogen datos relativos al an\u00e1lisis de uso de la Web. \u00c9stas se utilizan para ayudar a mejorar el servicio al visitante, midiendo el uso y el rendimiento de la p\u00e1gina, para optimizarla y personalizarla.<\/p>\n<p align=\"justify\">\u00bfQu\u00e9 uso le damos a los diferentes tipos de cookies?<\/p>\n<p align=\"justify\">Seg\u00fan su finalidad:<\/p>\n<p><strong>Cookies t\u00e9cnicas<\/strong>\u00a0Las cookies t\u00e9cnicas son aquellas imprescindibles y estrictamente necesarias para el correcto funcionamiento de un portal Web y la utilizaci\u00f3n de las diferentes opciones y servicios que ofrece.<br \/>\nPor ejemplo, las que sirven para el mantenimiento de la sesi\u00f3n, la gesti\u00f3n del tiempo de respuesta, rendimiento o validaci\u00f3n de opciones, utilizar elementos de seguridad, compartir contenido con redes sociales, etc.<\/p>\n<p><strong>Cookies de personalizaci\u00f3n<\/strong><br \/>\nEstas cookies permiten al usuario especificar o personalizar algunas caracter\u00edsticas de las opciones generales de la p\u00e1gina Web.<br \/>\nPor ejemplo, definir el idioma, configuraci\u00f3n regional o tipo de navegador.<\/p>\n<p><strong>Cookies de an\u00e1lisis<\/strong><br \/>\nLas cookies anal\u00edticas son las utilizadas por nuestro portal Web, para elaborar perfiles de navegaci\u00f3n y poder conocer las preferencias de los usuarios del mismo con el fin de mejorar la oferta de productos y servicios.<br \/>\nPor ejemplo, mediante una cookie anal\u00edtica se controlar\u00edan las \u00e1reas geogr\u00e1ficas de mayor inter\u00e9s de un usuario, cu\u00e1l es el producto de m\u00e1s aceptaci\u00f3n, etc.<\/p>\n<p><strong>Cookies publicitarias \/de publicidad comportamental<\/strong><br \/>\nLas cookies publicitarias permiten la gesti\u00f3n de los espacios publicitarios en base a criterios concretos.<br \/>\nPor ejemplo la frecuencia de acceso, el contenido editado, etc. Las cookies de publicidad comportamental permiten a trav\u00e9s de la gesti\u00f3n de la publicidad almacenar informaci\u00f3n del comportamiento a trav\u00e9s de la observaci\u00f3n de h\u00e1bitos, estudiando los accesos y formando un perfil de preferencias del usuario, para ofrecerle publicidad relacionada con los intereses de su perfil.<\/p>\n<p>Seg\u00fan el plazo de tiempo que permanecen activadas:<\/p>\n<p><strong>Cookies de sesi\u00f3n<\/strong><br \/>\nLas cookies de sesi\u00f3n son aquellas que duran el tiempo que el usuario est\u00e1 navegando por la p\u00e1gina Web y se borran al t\u00e9rmino.<\/p>\n<p><strong>Cookies persistentes<\/strong>\u00a0Estas cookies quedan almacenadas en el terminal del usuario, por un tiempo m\u00e1s largo, facilitando as\u00ed el control de las preferencias elegidas sin tener que repetir ciertos par\u00e1metros cada vez que se visite el sitio Web.<\/p>\n<p align=\"justify\"><strong>\u00bfY si no quiero tener estas cookies o no hago nada al respecto?<\/strong><\/p>\n<p align=\"justify\">Para cumplir con la legislaci\u00f3n vigente, hemos de pedir su permiso para gestionar cookies. Si decide no autorizar el tratamiento indic\u00e1ndonos su no conformidad, s\u00f3lo usar\u00edamos las cookies t\u00e9cnicas, puesto que son imprescindibles para la navegaci\u00f3n por nuestra Web. En este caso, no almacenar\u00edamos ninguna cookie. En el caso de seguir navegando por nuestro sitio Web sin denegar su autorizaci\u00f3n implica que acepta su uso.<\/p>\n<p><strong>C\u00f3mo deshabilitar las Cookies en los principales navegadores:<\/strong><\/p>\n<p align=\"justify\">Normalmente es posible dejar de aceptar las cookies del navegador, o dejar de aceptar las Cookies de un servicio en particular.<\/p>\n<p align=\"justify\">Todos los navegadores modernos permiten cambiar la configuraci\u00f3n de cookies. Estos ajustes normalmente se encuentran en las \u2018opciones\u2019 o \u2018Preferencias\u2019 del men\u00fa de su navegador.<\/p>\n<ul>\n<li>Internet Explorer: Herramientas -&gt; Opciones de Internet -&gt; Privacidad -&gt; Configuraci\u00f3n.<br \/>\nPara m\u00e1s informaci\u00f3n, puede consultar el soporte de Microsoft o la Ayuda del navegador:<br \/>\nhttp:\/\/windows.microsoft.com\/es-ES\/windows\/support#top-solutions=windows-xp<\/li>\n<li>Firefox: Herramientas -&gt; Opciones -&gt; Privacidad -&gt; Historial -&gt; Configuraci\u00f3n Personalizada.<br \/>\nPara m\u00e1s informaci\u00f3n, puede consultar el soporte de Mozilla o la Ayuda del navegador:<br \/>\nhttp:\/\/support.mozilla.org\/es\/home<\/li>\n<li>Chrome: Configuraci\u00f3n -&gt; Mostrar opciones avanzadas -&gt; Privacidad -&gt; Configuraci\u00f3n de contenido.<br \/>\nPara m\u00e1s informaci\u00f3n, puede consultar el soporte de Google o la Ayuda del navegador:<br \/>\nhttps:\/\/support.google.com\/chrome\/?hl=es#topic=3227046<\/li>\n<li>Safari: Preferencias -&gt; Seguridad.<br \/>\nPara m\u00e1s informaci\u00f3n, puede consultar el soporte de Apple o la Ayuda del navegador:<br \/>\nhttp:\/\/www.apple.com\/es\/support\/mac-apps\/safari\/<\/li>\n<\/ul>\n<p align=\"justify\"><strong>Qu\u00e9 ocurre si se deshabilitan las cookies:<\/strong><\/p>\n<p align=\"justify\">Algunas funcionalidades de los Servicios quedar\u00e1n deshabilitados.<\/p>\n<p align=\"justify\"><strong>\u00bfQu\u00e9 uso se le damos a los datos recogidos en las cookies?<\/strong><br \/>\nLas cookies utilizadas son para uso exclusivo de\u00a0<strong>INSTITUT CATAL\u00c0 D&#8217;OZONOTERAPIA\u00a0<\/strong>que en ning\u00fan caso comercializa con ellas.<br \/>\nSi est\u00e1 de acuerdo con la pol\u00edtica de cookies de\u00a0<strong>INSTITUT CATAL\u00c0 D&#8217;OZONOTERAPIA\u00a0<\/strong>haga clic en ACEPTAR<br \/>\nSi opta por abandonar nuestro sitio Web a trav\u00e9s de enlaces a sitios Web no pertenecientes a nuestra entidad,\u00a0<strong>INSTITUT CATAL\u00c0 D&#8217;OZONOTERAPIA\u00a0<\/strong>no se har\u00e1 responsable de las pol\u00edticas de privacidad de dichos sitios ni de las cookies que \u00e9stos puedan almacenar en el ordenador del usuario. Para m\u00e1s informaci\u00f3n sobre las cookies de otras Webs ajenas, aconsejamos revisar sus propias pol\u00edticas de cookies.<\/p>\n<p align=\"justify\"><strong>\u00bfD\u00f3nde puedo obtener m\u00e1s informaci\u00f3n?<\/strong><\/p>\n<p align=\"justify\">Si tiene cualquier pregunta sobre c\u00f3mo usamos las cookies, y no est\u00e1 contestada en \u00e9sta pol\u00edtica, por favor m\u00e1ndenos sus comentarios a:\u00a0<span id=\"cloak76455\"><a href=\"mailto:info@ozono-terapia.com\">info@ozono-terapia.com<\/a><\/span><\/p>\n<p align=\"justify\">Si necesita obtener m\u00e1s informaci\u00f3n sobre la directiva de cookies, por favor consulte el Real Decreto-Ley 13\/2012, de 30 de marzo, por el que se transponen directivas en materia de comunicaciones electr\u00f3nicas. Asimismo, puede consultar la Gu\u00eda sobre el uso de las cookies disponible en http:\/\/www.agpd.es\/portalwebAGPD\/canaldocumentacion\/publicaciones\/common\/Guias\/Guia_Cookies.pdf<\/p>\n<\/div><div class=\"fusion-clearfix\"><\/div><\/div><\/div><\/div><\/div>\n","protected":false},"excerpt":{"rendered":"","protected":false},"author":1,"featured_media":0,"parent":0,"menu_order":0,"comment_status":"closed","ping_status":"closed","template":"","meta":{"footnotes":""},"class_list":["post-1898","page","type-page","status-publish","hentry"],"yoast_head":"<!-- This site is optimized with the Yoast SEO plugin v27.4 - https:\/\/yoast.com\/product\/yoast-seo-wordpress\/ -->\n<title>Pol\u00edtica de Cookies - Institut Catal\u00e0 d&#039;Ozonoter\u00e0pia<\/title>\n<meta name=\"robots\" content=\"index, follow, max-snippet:-1, max-image-preview:large, max-video-preview:-1\" \/>\n<link rel=\"canonical\" href=\"https:\/\/www.ozono-terapia.com\/ca\/politica-de-cookies\/\" \/>\n<meta property=\"og:locale\" content=\"ca_ES\" \/>\n<meta property=\"og:type\" content=\"article\" \/>\n<meta property=\"og:title\" content=\"Pol\u00edtica de Cookies - Institut Catal\u00e0 d&#039;Ozonoter\u00e0pia\" \/>\n<meta property=\"og:url\" content=\"https:\/\/www.ozono-terapia.com\/ca\/politica-de-cookies\/\" \/>\n<meta property=\"og:site_name\" content=\"Institut Catal\u00e0 d&#039;Ozonoter\u00e0pia\" \/>\n<meta name=\"twitter:card\" content=\"summary_large_image\" \/>\n<meta name=\"twitter:label1\" content=\"Temps estimat de lectura\" \/>\n\t<meta name=\"twitter:data1\" content=\"6 minuts\" \/>\n<script type=\"application\/ld+json\" class=\"yoast-schema-graph\">{\"@context\":\"https:\\\/\\\/schema.org\",\"@graph\":[{\"@type\":\"WebPage\",\"@id\":\"https:\\\/\\\/www.ozono-terapia.com\\\/ca\\\/politica-de-cookies\\\/\",\"url\":\"https:\\\/\\\/www.ozono-terapia.com\\\/ca\\\/politica-de-cookies\\\/\",\"name\":\"Pol\u00edtica de Cookies - Institut Catal\u00e0 d&#039;Ozonoter\u00e0pia\",\"isPartOf\":{\"@id\":\"https:\\\/\\\/www.ozono-terapia.com\\\/#website\"},\"datePublished\":\"2019-06-05T08:37:58+00:00\",\"breadcrumb\":{\"@id\":\"https:\\\/\\\/www.ozono-terapia.com\\\/ca\\\/politica-de-cookies\\\/#breadcrumb\"},\"inLanguage\":\"ca\",\"potentialAction\":[{\"@type\":\"ReadAction\",\"target\":[\"https:\\\/\\\/www.ozono-terapia.com\\\/ca\\\/politica-de-cookies\\\/\"]}]},{\"@type\":\"BreadcrumbList\",\"@id\":\"https:\\\/\\\/www.ozono-terapia.com\\\/ca\\\/politica-de-cookies\\\/#breadcrumb\",\"itemListElement\":[{\"@type\":\"ListItem\",\"position\":1,\"name\":\"Home\",\"item\":\"https:\\\/\\\/www.ozono-terapia.com\\\/ca\\\/\"},{\"@type\":\"ListItem\",\"position\":2,\"name\":\"Pol\u00edtica de Cookies\"}]},{\"@type\":\"WebSite\",\"@id\":\"https:\\\/\\\/www.ozono-terapia.com\\\/#website\",\"url\":\"https:\\\/\\\/www.ozono-terapia.com\\\/\",\"name\":\"Institut Catal\u00e0 d&#039;Ozonoter\u00e0pia\",\"description\":\"\",\"publisher\":{\"@id\":\"https:\\\/\\\/www.ozono-terapia.com\\\/#organization\"},\"potentialAction\":[{\"@type\":\"SearchAction\",\"target\":{\"@type\":\"EntryPoint\",\"urlTemplate\":\"https:\\\/\\\/www.ozono-terapia.com\\\/?s={search_term_string}\"},\"query-input\":{\"@type\":\"PropertyValueSpecification\",\"valueRequired\":true,\"valueName\":\"search_term_string\"}}],\"inLanguage\":\"ca\"},{\"@type\":\"Organization\",\"@id\":\"https:\\\/\\\/www.ozono-terapia.com\\\/#organization\",\"name\":\"Institut Catal\u00e0 d&#039;Ozonoter\u00e0pia\",\"url\":\"https:\\\/\\\/www.ozono-terapia.com\\\/\",\"logo\":{\"@type\":\"ImageObject\",\"inLanguage\":\"ca\",\"@id\":\"https:\\\/\\\/www.ozono-terapia.com\\\/#\\\/schema\\\/logo\\\/image\\\/\",\"url\":\"https:\\\/\\\/www.ozono-terapia.com\\\/wp-content\\\/uploads\\\/2019\\\/02\\\/ozono_logo_2x.png\",\"contentUrl\":\"https:\\\/\\\/www.ozono-terapia.com\\\/wp-content\\\/uploads\\\/2019\\\/02\\\/ozono_logo_2x.png\",\"width\":572,\"height\":100,\"caption\":\"Institut Catal\u00e0 d&#039;Ozonoter\u00e0pia\"},\"image\":{\"@id\":\"https:\\\/\\\/www.ozono-terapia.com\\\/#\\\/schema\\\/logo\\\/image\\\/\"}}]}<\/script>\n<!-- \/ Yoast SEO plugin. -->","yoast_head_json":{"title":"Pol\u00edtica de Cookies - Institut Catal\u00e0 d&#039;Ozonoter\u00e0pia","robots":{"index":"index","follow":"follow","max-snippet":"max-snippet:-1","max-image-preview":"max-image-preview:large","max-video-preview":"max-video-preview:-1"},"canonical":"https:\/\/www.ozono-terapia.com\/ca\/politica-de-cookies\/","og_locale":"ca_ES","og_type":"article","og_title":"Pol\u00edtica de Cookies - Institut Catal\u00e0 d&#039;Ozonoter\u00e0pia","og_url":"https:\/\/www.ozono-terapia.com\/ca\/politica-de-cookies\/","og_site_name":"Institut Catal\u00e0 d&#039;Ozonoter\u00e0pia","twitter_card":"summary_large_image","twitter_misc":{"Temps estimat de lectura":"6 minuts"},"schema":{"@context":"https:\/\/schema.org","@graph":[{"@type":"WebPage","@id":"https:\/\/www.ozono-terapia.com\/ca\/politica-de-cookies\/","url":"https:\/\/www.ozono-terapia.com\/ca\/politica-de-cookies\/","name":"Pol\u00edtica de Cookies - Institut Catal\u00e0 d&#039;Ozonoter\u00e0pia","isPartOf":{"@id":"https:\/\/www.ozono-terapia.com\/#website"},"datePublished":"2019-06-05T08:37:58+00:00","breadcrumb":{"@id":"https:\/\/www.ozono-terapia.com\/ca\/politica-de-cookies\/#breadcrumb"},"inLanguage":"ca","potentialAction":[{"@type":"ReadAction","target":["https:\/\/www.ozono-terapia.com\/ca\/politica-de-cookies\/"]}]},{"@type":"BreadcrumbList","@id":"https:\/\/www.ozono-terapia.com\/ca\/politica-de-cookies\/#breadcrumb","itemListElement":[{"@type":"ListItem","position":1,"name":"Home","item":"https:\/\/www.ozono-terapia.com\/ca\/"},{"@type":"ListItem","position":2,"name":"Pol\u00edtica de Cookies"}]},{"@type":"WebSite","@id":"https:\/\/www.ozono-terapia.com\/#website","url":"https:\/\/www.ozono-terapia.com\/","name":"Institut Catal\u00e0 d&#039;Ozonoter\u00e0pia","description":"","publisher":{"@id":"https:\/\/www.ozono-terapia.com\/#organization"},"potentialAction":[{"@type":"SearchAction","target":{"@type":"EntryPoint","urlTemplate":"https:\/\/www.ozono-terapia.com\/?s={search_term_string}"},"query-input":{"@type":"PropertyValueSpecification","valueRequired":true,"valueName":"search_term_string"}}],"inLanguage":"ca"},{"@type":"Organization","@id":"https:\/\/www.ozono-terapia.com\/#organization","name":"Institut Catal\u00e0 d&#039;Ozonoter\u00e0pia","url":"https:\/\/www.ozono-terapia.com\/","logo":{"@type":"ImageObject","inLanguage":"ca","@id":"https:\/\/www.ozono-terapia.com\/#\/schema\/logo\/image\/","url":"https:\/\/www.ozono-terapia.com\/wp-content\/uploads\/2019\/02\/ozono_logo_2x.png","contentUrl":"https:\/\/www.ozono-terapia.com\/wp-content\/uploads\/2019\/02\/ozono_logo_2x.png","width":572,"height":100,"caption":"Institut Catal\u00e0 d&#039;Ozonoter\u00e0pia"},"image":{"@id":"https:\/\/www.ozono-terapia.com\/#\/schema\/logo\/image\/"}}]}},"_links":{"self":[{"href":"https:\/\/www.ozono-terapia.com\/ca\/wp-json\/wp\/v2\/pages\/1898","targetHints":{"allow":["GET"]}}],"collection":[{"href":"https:\/\/www.ozono-terapia.com\/ca\/wp-json\/wp\/v2\/pages"}],"about":[{"href":"https:\/\/www.ozono-terapia.com\/ca\/wp-json\/wp\/v2\/types\/page"}],"author":[{"embeddable":true,"href":"https:\/\/www.ozono-terapia.com\/ca\/wp-json\/wp\/v2\/users\/1"}],"replies":[{"embeddable":true,"href":"https:\/\/www.ozono-terapia.com\/ca\/wp-json\/wp\/v2\/comments?post=1898"}],"version-history":[{"count":0,"href":"https:\/\/www.ozono-terapia.com\/ca\/wp-json\/wp\/v2\/pages\/1898\/revisions"}],"wp:attachment":[{"href":"https:\/\/www.ozono-terapia.com\/ca\/wp-json\/wp\/v2\/media?parent=1898"}],"curies":[{"name":"wp","href":"https:\/\/api.w.org\/{rel}","templated":true}]}}