{"id":1625,"date":"2019-05-05T23:10:13","date_gmt":"2019-05-05T21:10:13","guid":{"rendered":"http:\/\/ozono-terapia.com\/lesiones-deportivas\/"},"modified":"2022-06-13T12:44:56","modified_gmt":"2022-06-13T10:44:56","slug":"lesions-esportives","status":"publish","type":"page","link":"https:\/\/www.ozono-terapia.com\/ca\/lesions-esportives\/","title":{"rendered":"Lesions Esportives"},"content":{"rendered":"<p><div class=\"fusion-fullwidth fullwidth-box fusion-builder-row-1 fusion-parallax-none nonhundred-percent-fullwidth non-hundred-percent-height-scrolling\" style=\"--awb-background-blend-mode:overlay;--awb-border-radius-top-left:0px;--awb-border-radius-top-right:0px;--awb-border-radius-bottom-right:0px;--awb-border-radius-bottom-left:0px;--awb-padding-top:200px;--awb-padding-bottom:200px;--awb-background-color:rgba(0,0,0,0.3);--awb-background-image:url(&quot;http:\/\/ozono-terapia.com\/wp-content\/uploads\/2019\/05\/ev3.jpg&quot;);--awb-background-size:cover;--awb-flex-wrap:wrap;\" ><div class=\"fusion-builder-row fusion-row\"><div class=\"fusion-layout-column fusion_builder_column fusion-builder-column-0 fusion_builder_column_1_1 1_1 fusion-one-full fusion-column-first fusion-column-last\" style=\"--awb-bg-size:cover;\"><div class=\"fusion-column-wrapper fusion-flex-column-wrapper-legacy\"><div class=\"fusion-title title fusion-title-1 fusion-sep-none fusion-title-center fusion-title-text fusion-title-size-one\" style=\"--awb-text-color:#ffffff;\"><h1 class=\"fusion-title-heading title-heading-center fusion-responsive-typography-calculated\" style=\"margin:0;--fontSize:80;line-height:1;\">Lesions Esportives<\/h1><\/div><div class=\"fusion-clearfix\"><\/div><\/div><\/div><\/div><\/div><div class=\"fusion-fullwidth fullwidth-box fusion-builder-row-2 nonhundred-percent-fullwidth non-hundred-percent-height-scrolling\" style=\"--awb-border-radius-top-left:0px;--awb-border-radius-top-right:0px;--awb-border-radius-bottom-right:0px;--awb-border-radius-bottom-left:0px;--awb-margin-top:70px;--awb-flex-wrap:wrap;\" ><div class=\"fusion-builder-row fusion-row\"><div class=\"fusion-layout-column fusion_builder_column fusion-builder-column-1 fusion_builder_column_1_2 1_2 fusion-one-half fusion-column-first\" style=\"--awb-bg-size:cover;width:50%;width:calc(50% - ( ( 4% ) * 0.5 ) );margin-right: 4%;\"><div class=\"fusion-column-wrapper fusion-flex-column-wrapper-legacy\"><div class=\"fusion-text fusion-text-1\"><div class=\"page-header\">\n<div class=\"page-header\">\n<div class=\"page-header\">\n<div class=\"page-header\">\n<div class=\"page-header\">\n<h3><strong>Ozonoter\u00e0pia en Lesions Esportives<\/strong><\/h3>\n<\/div>\n<div>\n<p align=\"justify\"><img decoding=\"async\" class=\" wp-image-1341 alignleft\" src=\"http:\/\/ozono-terapia.com\/wp-content\/uploads\/2019\/05\/que-es-lesiones-deportivas.jpg\" alt=\"\" width=\"261\" height=\"404\" srcset=\"https:\/\/www.ozono-terapia.com\/wp-content\/uploads\/2019\/05\/que-es-lesiones-deportivas-194x300.jpg 194w, https:\/\/www.ozono-terapia.com\/wp-content\/uploads\/2019\/05\/que-es-lesiones-deportivas-200x309.jpg 200w, https:\/\/www.ozono-terapia.com\/wp-content\/uploads\/2019\/05\/que-es-lesiones-deportivas-400x618.jpg 400w, https:\/\/www.ozono-terapia.com\/wp-content\/uploads\/2019\/05\/que-es-lesiones-deportivas.jpg 466w\" sizes=\"(max-width: 261px) 100vw, 261px\" \/><\/p>\n<p align=\"justify\">El tractament amb oz\u00f3 de les lesions esportives es realitza mitjan\u00e7ant la injecci\u00f3 d\u00b4oz\u00f3 peri o intraarticular.<\/p>\n<p align=\"justify\">La infiltraci\u00f3 d\u00b4oz\u00f3 en esl teixits lesionats ajuda a la reparaci\u00f3 dels mateixos i a la disminuci\u00f3 tant del dolor com de la inflamaci\u00f3. Qualsevol lesi\u00f3 esportiva que es pugui tractar amb corticoides \u00e9s indicaci\u00f3 de tractament alternatiu amb oz\u00f3 sense exposar l\u00b4esportista als possibles riscos de la infiltraci\u00f3 amb corticoides.<\/p>\n<p align=\"justify\">Les lesions que amb m\u00e9s freq\u00fc\u00e8ncia es tracten amb ozonoter\u00e0pia s\u00f3n:<\/p>\n<ul>\n<li>Colze del tennista o Epicondilitis Lateral<\/li>\n<li>Colze del golfista o Epicondilitis Medial<\/li>\n<li>Tendinitis de l\u00b4espatlla<\/li>\n<li>Tendinitis en el genoll<\/li>\n<\/ul>\n<p align=\"justify\">Els tractaments es realitzen un cop a la setmana, sempre de forma ambulat\u00f2ria i despr\u00e9s d&#8217;un correcte diagnostic. La injecci\u00f3 d&#8217;oz\u00f3 no \u00e9s dolorosa per la qual cosa no sol ser necessari l&#8217;administraci\u00f3 pr\u00e8via d&#8217;un anest\u00e8sic local<\/p>\n<p align=\"justify\">La disminuci\u00f3 del dolor s\u00b4estableix des de les primeres sessions habent-se establert una mitjana de 5 sessions per aconseguir una millora significativa. Despr\u00e9s del tractament no \u00e9s necessari guardar rep\u00f2s i la persona pot reiniciar de manera inmediata les seves tasques quotidianes.<\/p>\n<p align=\"justify\">El tractament no t\u00e9 cap tipus d\u00b4efecte secundari ni estan descrites complicacions amb la t\u00e8cnica, podent realitzar-se en persones diab\u00e8tiques i\/o hipertenses sense risc d\u00b4augmentar els nivells de sucre en sang o d\u00b4augmentar les xifres de tensi\u00f3 arterial.<\/p>\n<p align=\"justify\">Les infiltracions d\u00b4oz\u00f3 en Medicina Esportiva poden combinar-se amb altres t\u00e8cniques de Medicina Regenerativa com els Factors de Creixement (Plasma Ric en Plaquetes), que a trav\u00e9s d\u00b4una t\u00e8cnica d\u00b4ozononitzaci\u00f3 s\u00b4ha vist que augmenten de manera important la seva capacitat reparadora.<\/p>\n<\/div>\n<\/div>\n<\/div>\n<\/div>\n<\/div>\n<\/div><div class=\"fusion-clearfix\"><\/div><\/div><\/div><div class=\"fusion-layout-column fusion_builder_column fusion-builder-column-2 fusion_builder_column_1_2 1_2 fusion-one-half fusion-column-last\" style=\"--awb-bg-size:cover;width:50%;width:calc(50% - ( ( 4% ) * 0.5 ) );\"><div class=\"fusion-column-wrapper fusion-flex-column-wrapper-legacy\"><div class=\"fusion-text fusion-text-2\"><div class=\"page-header\">\n<div class=\"page-header\">\n<h3><strong>Qu\u00e8 s\u00f3n les lesions esportives?<\/strong><\/h3>\n<\/div>\n<div class=\"entry-header\">\n<p>Anomenem lesions esportives a les que es produeixen durant la pr\u00e0ctica d&#8217;un esport.<\/p>\n<p>En la nostra societat la pr\u00e0ctica esportiva no \u00e9s exclusiu dels esportistes d&#8217;\u00e8lit. El tennis, el golf, el futbol, el ciclisme, el b\u00e1squet o c\u00f2rrer formen part de la nostra vida quotidiana i per tant podem estar tots exposats a patir en qualsevol moment una lesi\u00f3 \u201cesportiva\u201d.<\/p>\n<p>Les lesions poden passar per diferents motius: accidents, mala pr\u00e0ctica d&#8217;entrenament, \u00fas inadeq\u00fcat del material i equips, deficient condici\u00f3 f\u00edsica, exercicis d&#8217;escalfament o estirament mal realitzats, exc\u00e8s d\u00b4exercici, etc.<\/p>\n<p><strong>Lesions esportives m\u00e9s freq\u00fcents tractades amb ozonoter\u00e0pia<\/strong>:<\/p>\n<p><strong>LESIONS DE GENOLL<\/strong><\/p>\n<p>Les lesions de genolls s\u00f3n molt freq\u00fcents en tots els esportistes sobre tot en futbolistes, ciclistes i esquiadors. El tractament \u00e9s especialment efica\u00e7 en:<\/p>\n<ul>\n<li><strong>Les tendinitis rotulianes i \u201cTendinitis Anserina\u201d o \u201cPata de Ganso\u201d.\u00a0<\/strong>: Els tendons del voltant del genoll es poden inflamar depr\u00e9s d\u00b4algun sobreesfor\u00e7 o d\u00b4algun traumatisme. S\u00f3n freq\u00fcents aquestes lesions en el b\u00e0squet, voleibol i en ciclistes.<\/li>\n<li><strong>Lesions lligamentoses o esquin\u00e7os de genoll\u00a0<\/strong>sempre que no necessitin cirurgia. El tractament amb oz\u00f3 ajuda a la regeneraci\u00f3 del teixit lesionat i disminueix la inflamaci\u00f3.<\/li>\n<li><strong>Lesions de meniscs que no necessitin de cirurgia.<\/strong><\/li>\n<li><strong>Prevenci\u00f3 de l\u00b4artrosi de genoll per sobrec\u00e0rrega.<\/strong><\/li>\n<\/ul>\n<p><strong>COLZE DE TENNISTA O EPICONDILITIS MEDIAL<\/strong><\/p>\n<p>\u00c9s una s\u00edndrome produ\u00efda per sobrec\u00e0rrega sobre els m\u00fasculs de l\u00b4avantbra\u00e7. El s\u00edmptoma caracter\u00edstic \u00e9s dolor a la cara externa del colze acompanyat de dolor i dificultat per a realitzar moviments d\u00b4extensi\u00f3 del canell i de supinaci\u00f3 de l\u00b4avantbra\u00e7 (girar el bra\u00e7 amb el palmell de la m\u00e0 dirigida cap el sostre). El dolor apareix tamb\u00e9 si palpem la zona epicond\u00edlea o si senzillament intentem aixecar algun pes. A nivell esportiu fen el rev\u00e9s en alguns esports com el tennis o el p\u00e0del.<\/p>\n<p><strong>COLZE DEL GOLFISTA O EPICONDILITIS MEDIAL<\/strong><\/p>\n<p>No \u00e9s exclusiva del golf ja que tamb\u00e9 la presenten de manera freq\u00fcent els jugadors de b\u00e1squet o el tennista en la realitzaci\u00f3 del servei amb molt d\u00b4efecte, jugadors de beisbol, etc.<\/p>\n<p>El s\u00edmptoma m\u00e9s freq\u00fcent \u00e9s el dolor a l\u00b4avantbra\u00e7 per la seva part interna. Pot sentir-se dolor en el colze quant la persona flexiona el canell.<\/p>\n<p><strong>TENDINITIS DE L\u00b4ESPATLLA<\/strong><\/p>\n<p>Aquest dolor de l\u00b4espatlla \u00e9s t\u00edpic de nadadors i tennistes, aix\u00ed com de jugadors de beisbol i llan\u00e7adors de peses. Els moviments repetitius amb aixecament del bra\u00e7 per sobre del cap pot provocar l\u00b4esquin\u00e7ament i inflamaci\u00f3 dels m\u00fasculs de l\u00b4espatlla.<\/p>\n<p><strong>FASCITIS PLANTAR<\/strong><\/p>\n<p><strong>PIN\u00c7AMENTS DE TURMELLFERIDES<\/strong><\/p>\n<p><strong>FERIDES<\/strong><\/p>\n<p>Qualsevol ferida que es produeixi mentre s\u00b4est\u00e0 realitzant un esport pot tractar-se amb ozonoter\u00e0pia t\u00f2pica accelerant-se de manera important el proc\u00e9s de cura i cicatritzaci\u00f3 de les lesions.<\/p>\n<p>La forma del tractament \u00e9s com\u00fa a la del tractament de llagues i retards de cicatritzaci\u00f3.<\/p>\n<p><strong>Tractament amb ozonoter\u00e0pia de les lesions esportives<\/strong><\/p>\n<p>L\u00b4ozonoter\u00e0pia est\u00e0 indicada despr\u00e9s de que el tractament conservador amb control del dolor amb rep\u00f2s, f\u00e0rmacs, analg\u00e8sics i antiinflamatoris i rehabilitaci\u00f3 hagi estat realitzat i la persona segueixi amb dolor i mol\u00e8sties que l\u00b4impedeixin seguir amb la pr\u00e0ctica del seu esport.<\/p>\n<p>Aquesta forma de tractament estar\u00e0 indicada en forma d\u00b4infiltracions en sustituci\u00f3 de les injeccions locals de corticoides.<\/p>\n<p>L\u00b4ozonoter\u00e0pia periarticular o intraarticular degut a la seva acci\u00f3 analg\u00e8sica i antiinflamat\u00f2ria pot alleujar de manera important el dolor i disminuir la inflamaci\u00f3 sense els efectes secundaris dels corticoides, i al contrari d\u00b4aquests poden potenciar el proc\u00e9s de cicatritzaci\u00f3. El risc de necrosi i de debilitament del tend\u00f3 no existeix en el cas de les infiltracions amb oz\u00f3, podent realitzar-se sense cap tipus de risc per al esportista. En contrapartida la resposta al tractament amb oz\u00f3 sol ser m\u00e9s lenta que la que s\u00b4obt\u00e9 amb corticoides. El tractament amb infiltracions d\u00b4ozonoter\u00e0pia pot realitzar-se a persones diab\u00e8tiques i tamb\u00e9 a hipertensos sense que es vegin modificats els seus nivells de sucre en sang ni augmentin les xifres de tensi\u00f3 arterial.<\/p>\n<p>En realitat qualsevol lesi\u00f3 esportiva que pugui tractar-se amb corticoides \u00e9s indicaci\u00f3 de tractament alternatiu amb ozonoter\u00e0pia.<\/p>\n<\/div>\n<\/div>\n<\/div><div class=\"fusion-clearfix\"><\/div><\/div><\/div><\/div><\/div><div class=\"fusion-fullwidth fullwidth-box fusion-builder-row-3 nonhundred-percent-fullwidth non-hundred-percent-height-scrolling\" style=\"--awb-border-sizes-top:0px;--awb-border-sizes-bottom:0px;--awb-border-sizes-left:0px;--awb-border-sizes-right:0px;--awb-border-radius-top-left:0px;--awb-border-radius-top-right:0px;--awb-border-radius-bottom-right:0px;--awb-border-radius-bottom-left:0px;--awb-padding-top:30px;--awb-padding-bottom:30px;--awb-background-color:#f9f9f9;--awb-flex-wrap:wrap;\" ><div class=\"fusion-builder-row fusion-row\"><div class=\"fusion-layout-column fusion_builder_column fusion-builder-column-3 fusion_builder_column_1_1 1_1 fusion-one-full fusion-column-first fusion-column-last\" style=\"--awb-bg-size:cover;\"><div class=\"fusion-column-wrapper fusion-flex-column-wrapper-legacy\"><div class=\"fusion-title title fusion-title-2 fusion-sep-none fusion-title-center fusion-title-text fusion-title-size-two\" style=\"--awb-text-color:#444444;--awb-margin-bottom:20px;--awb-font-size:40px;\"><h2 class=\"fusion-title-heading title-heading-center fusion-responsive-typography-calculated\" style=\"margin:0;font-size:1em;--fontSize:40;line-height:1.25;\">ELS NOSTRES ESPECIALISTES<\/h2><\/div><div class=\"fusion-clearfix\"><\/div><\/div><\/div><div class=\"fusion-layout-column fusion_builder_column fusion-builder-column-4 fusion_builder_column_1_4 1_4 fusion-one-fourth fusion-column-first\" style=\"--awb-bg-size:cover;width:22%; margin-right: 4%;\"><div class=\"fusion-column-wrapper fusion-flex-column-wrapper-legacy\"><div class=\"fusion-image-element in-legacy-container\" style=\"--awb-caption-title-font-family:var(--h2_typography-font-family);--awb-caption-title-font-weight:var(--h2_typography-font-weight);--awb-caption-title-font-style:var(--h2_typography-font-style);--awb-caption-title-size:var(--h2_typography-font-size);--awb-caption-title-transform:var(--h2_typography-text-transform);--awb-caption-title-line-height:var(--h2_typography-line-height);--awb-caption-title-letter-spacing:var(--h2_typography-letter-spacing);\"><span class=\" fusion-imageframe imageframe-none imageframe-1 hover-type-none\"><a class=\"fusion-no-lightbox\" href=\"\/ca\/equip\/dra-gloria-rovira-duplaa\/\" target=\"_self\"><img decoding=\"async\" width=\"800\" height=\"1102\" src=\"https:\/\/www.ozono-terapia.com\/wp-content\/uploads\/2022\/06\/gloria.jpg\" alt class=\"img-responsive wp-image-2701\" srcset=\"https:\/\/www.ozono-terapia.com\/wp-content\/uploads\/2022\/06\/gloria-200x276.jpg 200w, https:\/\/www.ozono-terapia.com\/wp-content\/uploads\/2022\/06\/gloria-400x551.jpg 400w, https:\/\/www.ozono-terapia.com\/wp-content\/uploads\/2022\/06\/gloria-600x827.jpg 600w, https:\/\/www.ozono-terapia.com\/wp-content\/uploads\/2022\/06\/gloria.jpg 800w\" sizes=\"(max-width: 800px) 100vw, 400px\" \/><\/a><\/span><\/div><div class=\"fusion-clearfix\"><\/div><\/div><\/div><div class=\"fusion-layout-column fusion_builder_column fusion-builder-column-5 fusion_builder_column_1_4 1_4 fusion-one-fourth\" style=\"--awb-bg-size:cover;width:22%; margin-right: 4%;\"><div class=\"fusion-column-wrapper fusion-flex-column-wrapper-legacy\"><div class=\"fusion-text fusion-text-3\"><h3><strong>Dra. Gloria Rovira Dupl\u00e1a<\/strong><\/h3>\n<p><em>Jefe de la Unidad de Ozonoterapia desde 1987<\/em><\/p>\n<\/div><div class=\"fusion-text fusion-text-4\"><p><strong>Formaci\u00f3 Acad\u00e8mica:<\/strong><\/p>\n<ul>\n<li>Internado Rotatorio en el Beth Israel Medical Center de Newark (EEUU).<\/li>\n<li>Licenciada en Medicina y Cirug\u00eda por la Universidad Aut\u00f3noma de Barcelona.<\/li>\n<li>Doctorada en Medicina por la Medizinische Hochschule Hannover (Alemania).<\/li>\n<\/ul>\n<\/div><div class=\"fusion-clearfix\"><\/div><\/div><\/div><div class=\"fusion-layout-column fusion_builder_column fusion-builder-column-6 fusion_builder_column_1_4 1_4 fusion-one-fourth\" style=\"--awb-bg-size:cover;width:22%; margin-right: 4%;\"><div class=\"fusion-column-wrapper fusion-flex-column-wrapper-legacy\"><div class=\"fusion-image-element in-legacy-container\" style=\"--awb-caption-title-font-family:var(--h2_typography-font-family);--awb-caption-title-font-weight:var(--h2_typography-font-weight);--awb-caption-title-font-style:var(--h2_typography-font-style);--awb-caption-title-size:var(--h2_typography-font-size);--awb-caption-title-transform:var(--h2_typography-text-transform);--awb-caption-title-line-height:var(--h2_typography-line-height);--awb-caption-title-letter-spacing:var(--h2_typography-letter-spacing);\"><span class=\" fusion-imageframe imageframe-none imageframe-2 hover-type-none\"><a class=\"fusion-no-lightbox\" href=\"\/ca\/equip\/dr-daniel-samper-bernal\/\" target=\"_self\" aria-label=\"IMG_6431-7\"><img decoding=\"async\" width=\"871\" height=\"1200\" src=\"http:\/\/ozono-terapia.com\/wp-content\/uploads\/2019\/04\/IMG_6431-7.jpg\" alt class=\"img-responsive wp-image-1661\" srcset=\"https:\/\/www.ozono-terapia.com\/wp-content\/uploads\/2019\/04\/IMG_6431-7-200x276.jpg 200w, https:\/\/www.ozono-terapia.com\/wp-content\/uploads\/2019\/04\/IMG_6431-7-400x551.jpg 400w, https:\/\/www.ozono-terapia.com\/wp-content\/uploads\/2019\/04\/IMG_6431-7-600x827.jpg 600w, https:\/\/www.ozono-terapia.com\/wp-content\/uploads\/2019\/04\/IMG_6431-7-800x1102.jpg 800w, https:\/\/www.ozono-terapia.com\/wp-content\/uploads\/2019\/04\/IMG_6431-7.jpg 871w\" sizes=\"(max-width: 800px) 100vw, 400px\" \/><\/a><\/span><\/div><div class=\"fusion-clearfix\"><\/div><\/div><\/div><div class=\"fusion-layout-column fusion_builder_column fusion-builder-column-7 fusion_builder_column_1_4 1_4 fusion-one-fourth fusion-column-last\" style=\"--awb-bg-size:cover;width:22%;\"><div class=\"fusion-column-wrapper fusion-flex-column-wrapper-legacy\"><div class=\"fusion-text fusion-text-5\"><h3><strong>Dr. Daniel Samper Bernal<\/strong><\/h3>\n<p><em>Especialista en dolor<\/em><\/p>\n<\/div><div class=\"fusion-text fusion-text-6\"><p><strong>Formaci\u00f3 Acad\u00e8mica:<\/strong><\/p>\n<ul>\n<li>Jefe de Secci\u00f3n del Servicio de Anestesiolog\u00eda del Hospital Universitario Germans Trias i Pujol de Badalona. Barcelona<\/li>\n<li>Director de la Cl\u00ednica del Dolor del Hospital Germans Trias i Pujol<\/li>\n<li>Facultativo del Institut Catal\u00e0 d\u2019Ozonoter\u00e0pia desde el a\u00f1o 2007<\/li>\n<\/ul>\n<\/div><div class=\"fusion-clearfix\"><\/div><\/div><\/div><\/div><\/div><\/p>\n","protected":false},"excerpt":{"rendered":"","protected":false},"author":1,"featured_media":0,"parent":0,"menu_order":0,"comment_status":"closed","ping_status":"closed","template":"100-width.php","meta":{"footnotes":""},"class_list":["post-1625","page","type-page","status-publish","hentry"],"yoast_head":"<!-- This site is optimized with the Yoast SEO plugin v27.4 - https:\/\/yoast.com\/product\/yoast-seo-wordpress\/ -->\n<title>Lesions Esportives - Institut Catal\u00e0 d&#039;Ozonoter\u00e0pia<\/title>\n<meta name=\"robots\" content=\"index, follow, max-snippet:-1, max-image-preview:large, max-video-preview:-1\" \/>\n<link rel=\"canonical\" href=\"https:\/\/www.ozono-terapia.com\/ca\/lesions-esportives\/\" \/>\n<meta property=\"og:locale\" content=\"ca_ES\" \/>\n<meta property=\"og:type\" content=\"article\" \/>\n<meta property=\"og:title\" content=\"Lesions Esportives - Institut Catal\u00e0 d&#039;Ozonoter\u00e0pia\" \/>\n<meta property=\"og:url\" content=\"https:\/\/www.ozono-terapia.com\/ca\/lesions-esportives\/\" \/>\n<meta property=\"og:site_name\" content=\"Institut Catal\u00e0 d&#039;Ozonoter\u00e0pia\" \/>\n<meta property=\"article:modified_time\" content=\"2022-06-13T10:44:56+00:00\" \/>\n<meta property=\"og:image\" content=\"http:\/\/ozono-terapia.com\/wp-content\/uploads\/2019\/05\/que-es-lesiones-deportivas.jpg\" \/>\n<meta name=\"twitter:card\" content=\"summary_large_image\" \/>\n<meta name=\"twitter:label1\" content=\"Temps estimat de lectura\" \/>\n\t<meta name=\"twitter:data1\" content=\"7 minuts\" \/>\n<script type=\"application\/ld+json\" class=\"yoast-schema-graph\">{\"@context\":\"https:\\\/\\\/schema.org\",\"@graph\":[{\"@type\":\"WebPage\",\"@id\":\"https:\\\/\\\/www.ozono-terapia.com\\\/ca\\\/lesions-esportives\\\/\",\"url\":\"https:\\\/\\\/www.ozono-terapia.com\\\/ca\\\/lesions-esportives\\\/\",\"name\":\"Lesions Esportives - Institut Catal\u00e0 d&#039;Ozonoter\u00e0pia\",\"isPartOf\":{\"@id\":\"https:\\\/\\\/www.ozono-terapia.com\\\/#website\"},\"primaryImageOfPage\":{\"@id\":\"https:\\\/\\\/www.ozono-terapia.com\\\/ca\\\/lesions-esportives\\\/#primaryimage\"},\"image\":{\"@id\":\"https:\\\/\\\/www.ozono-terapia.com\\\/ca\\\/lesions-esportives\\\/#primaryimage\"},\"thumbnailUrl\":\"http:\\\/\\\/ozono-terapia.com\\\/wp-content\\\/uploads\\\/2019\\\/05\\\/que-es-lesiones-deportivas.jpg\",\"datePublished\":\"2019-05-05T21:10:13+00:00\",\"dateModified\":\"2022-06-13T10:44:56+00:00\",\"breadcrumb\":{\"@id\":\"https:\\\/\\\/www.ozono-terapia.com\\\/ca\\\/lesions-esportives\\\/#breadcrumb\"},\"inLanguage\":\"ca\",\"potentialAction\":[{\"@type\":\"ReadAction\",\"target\":[\"https:\\\/\\\/www.ozono-terapia.com\\\/ca\\\/lesions-esportives\\\/\"]}]},{\"@type\":\"ImageObject\",\"inLanguage\":\"ca\",\"@id\":\"https:\\\/\\\/www.ozono-terapia.com\\\/ca\\\/lesions-esportives\\\/#primaryimage\",\"url\":\"http:\\\/\\\/ozono-terapia.com\\\/wp-content\\\/uploads\\\/2019\\\/05\\\/que-es-lesiones-deportivas.jpg\",\"contentUrl\":\"http:\\\/\\\/ozono-terapia.com\\\/wp-content\\\/uploads\\\/2019\\\/05\\\/que-es-lesiones-deportivas.jpg\"},{\"@type\":\"BreadcrumbList\",\"@id\":\"https:\\\/\\\/www.ozono-terapia.com\\\/ca\\\/lesions-esportives\\\/#breadcrumb\",\"itemListElement\":[{\"@type\":\"ListItem\",\"position\":1,\"name\":\"Home\",\"item\":\"https:\\\/\\\/www.ozono-terapia.com\\\/ca\\\/\"},{\"@type\":\"ListItem\",\"position\":2,\"name\":\"Lesions Esportives\"}]},{\"@type\":\"WebSite\",\"@id\":\"https:\\\/\\\/www.ozono-terapia.com\\\/#website\",\"url\":\"https:\\\/\\\/www.ozono-terapia.com\\\/\",\"name\":\"Institut Catal\u00e0 d&#039;Ozonoter\u00e0pia\",\"description\":\"\",\"publisher\":{\"@id\":\"https:\\\/\\\/www.ozono-terapia.com\\\/#organization\"},\"potentialAction\":[{\"@type\":\"SearchAction\",\"target\":{\"@type\":\"EntryPoint\",\"urlTemplate\":\"https:\\\/\\\/www.ozono-terapia.com\\\/?s={search_term_string}\"},\"query-input\":{\"@type\":\"PropertyValueSpecification\",\"valueRequired\":true,\"valueName\":\"search_term_string\"}}],\"inLanguage\":\"ca\"},{\"@type\":\"Organization\",\"@id\":\"https:\\\/\\\/www.ozono-terapia.com\\\/#organization\",\"name\":\"Institut Catal\u00e0 d&#039;Ozonoter\u00e0pia\",\"url\":\"https:\\\/\\\/www.ozono-terapia.com\\\/\",\"logo\":{\"@type\":\"ImageObject\",\"inLanguage\":\"ca\",\"@id\":\"https:\\\/\\\/www.ozono-terapia.com\\\/#\\\/schema\\\/logo\\\/image\\\/\",\"url\":\"https:\\\/\\\/www.ozono-terapia.com\\\/wp-content\\\/uploads\\\/2019\\\/02\\\/ozono_logo_2x.png\",\"contentUrl\":\"https:\\\/\\\/www.ozono-terapia.com\\\/wp-content\\\/uploads\\\/2019\\\/02\\\/ozono_logo_2x.png\",\"width\":572,\"height\":100,\"caption\":\"Institut Catal\u00e0 d&#039;Ozonoter\u00e0pia\"},\"image\":{\"@id\":\"https:\\\/\\\/www.ozono-terapia.com\\\/#\\\/schema\\\/logo\\\/image\\\/\"}}]}<\/script>\n<!-- \/ Yoast SEO plugin. -->","yoast_head_json":{"title":"Lesions Esportives - Institut Catal\u00e0 d&#039;Ozonoter\u00e0pia","robots":{"index":"index","follow":"follow","max-snippet":"max-snippet:-1","max-image-preview":"max-image-preview:large","max-video-preview":"max-video-preview:-1"},"canonical":"https:\/\/www.ozono-terapia.com\/ca\/lesions-esportives\/","og_locale":"ca_ES","og_type":"article","og_title":"Lesions Esportives - Institut Catal\u00e0 d&#039;Ozonoter\u00e0pia","og_url":"https:\/\/www.ozono-terapia.com\/ca\/lesions-esportives\/","og_site_name":"Institut Catal\u00e0 d&#039;Ozonoter\u00e0pia","article_modified_time":"2022-06-13T10:44:56+00:00","og_image":[{"url":"http:\/\/ozono-terapia.com\/wp-content\/uploads\/2019\/05\/que-es-lesiones-deportivas.jpg","type":"","width":"","height":""}],"twitter_card":"summary_large_image","twitter_misc":{"Temps estimat de lectura":"7 minuts"},"schema":{"@context":"https:\/\/schema.org","@graph":[{"@type":"WebPage","@id":"https:\/\/www.ozono-terapia.com\/ca\/lesions-esportives\/","url":"https:\/\/www.ozono-terapia.com\/ca\/lesions-esportives\/","name":"Lesions Esportives - Institut Catal\u00e0 d&#039;Ozonoter\u00e0pia","isPartOf":{"@id":"https:\/\/www.ozono-terapia.com\/#website"},"primaryImageOfPage":{"@id":"https:\/\/www.ozono-terapia.com\/ca\/lesions-esportives\/#primaryimage"},"image":{"@id":"https:\/\/www.ozono-terapia.com\/ca\/lesions-esportives\/#primaryimage"},"thumbnailUrl":"http:\/\/ozono-terapia.com\/wp-content\/uploads\/2019\/05\/que-es-lesiones-deportivas.jpg","datePublished":"2019-05-05T21:10:13+00:00","dateModified":"2022-06-13T10:44:56+00:00","breadcrumb":{"@id":"https:\/\/www.ozono-terapia.com\/ca\/lesions-esportives\/#breadcrumb"},"inLanguage":"ca","potentialAction":[{"@type":"ReadAction","target":["https:\/\/www.ozono-terapia.com\/ca\/lesions-esportives\/"]}]},{"@type":"ImageObject","inLanguage":"ca","@id":"https:\/\/www.ozono-terapia.com\/ca\/lesions-esportives\/#primaryimage","url":"http:\/\/ozono-terapia.com\/wp-content\/uploads\/2019\/05\/que-es-lesiones-deportivas.jpg","contentUrl":"http:\/\/ozono-terapia.com\/wp-content\/uploads\/2019\/05\/que-es-lesiones-deportivas.jpg"},{"@type":"BreadcrumbList","@id":"https:\/\/www.ozono-terapia.com\/ca\/lesions-esportives\/#breadcrumb","itemListElement":[{"@type":"ListItem","position":1,"name":"Home","item":"https:\/\/www.ozono-terapia.com\/ca\/"},{"@type":"ListItem","position":2,"name":"Lesions Esportives"}]},{"@type":"WebSite","@id":"https:\/\/www.ozono-terapia.com\/#website","url":"https:\/\/www.ozono-terapia.com\/","name":"Institut Catal\u00e0 d&#039;Ozonoter\u00e0pia","description":"","publisher":{"@id":"https:\/\/www.ozono-terapia.com\/#organization"},"potentialAction":[{"@type":"SearchAction","target":{"@type":"EntryPoint","urlTemplate":"https:\/\/www.ozono-terapia.com\/?s={search_term_string}"},"query-input":{"@type":"PropertyValueSpecification","valueRequired":true,"valueName":"search_term_string"}}],"inLanguage":"ca"},{"@type":"Organization","@id":"https:\/\/www.ozono-terapia.com\/#organization","name":"Institut Catal\u00e0 d&#039;Ozonoter\u00e0pia","url":"https:\/\/www.ozono-terapia.com\/","logo":{"@type":"ImageObject","inLanguage":"ca","@id":"https:\/\/www.ozono-terapia.com\/#\/schema\/logo\/image\/","url":"https:\/\/www.ozono-terapia.com\/wp-content\/uploads\/2019\/02\/ozono_logo_2x.png","contentUrl":"https:\/\/www.ozono-terapia.com\/wp-content\/uploads\/2019\/02\/ozono_logo_2x.png","width":572,"height":100,"caption":"Institut Catal\u00e0 d&#039;Ozonoter\u00e0pia"},"image":{"@id":"https:\/\/www.ozono-terapia.com\/#\/schema\/logo\/image\/"}}]}},"_links":{"self":[{"href":"https:\/\/www.ozono-terapia.com\/ca\/wp-json\/wp\/v2\/pages\/1625","targetHints":{"allow":["GET"]}}],"collection":[{"href":"https:\/\/www.ozono-terapia.com\/ca\/wp-json\/wp\/v2\/pages"}],"about":[{"href":"https:\/\/www.ozono-terapia.com\/ca\/wp-json\/wp\/v2\/types\/page"}],"author":[{"embeddable":true,"href":"https:\/\/www.ozono-terapia.com\/ca\/wp-json\/wp\/v2\/users\/1"}],"replies":[{"embeddable":true,"href":"https:\/\/www.ozono-terapia.com\/ca\/wp-json\/wp\/v2\/comments?post=1625"}],"version-history":[{"count":0,"href":"https:\/\/www.ozono-terapia.com\/ca\/wp-json\/wp\/v2\/pages\/1625\/revisions"}],"wp:attachment":[{"href":"https:\/\/www.ozono-terapia.com\/ca\/wp-json\/wp\/v2\/media?parent=1625"}],"curies":[{"name":"wp","href":"https:\/\/api.w.org\/{rel}","templated":true}]}}