{"id":1622,"date":"2019-05-05T23:05:23","date_gmt":"2019-05-05T21:05:23","guid":{"rendered":"http:\/\/ozono-terapia.com\/apoyo-en-oncologia\/"},"modified":"2022-06-13T12:44:51","modified_gmt":"2022-06-13T10:44:51","slug":"suport-en-oncologia","status":"publish","type":"page","link":"https:\/\/www.ozono-terapia.com\/ca\/suport-en-oncologia\/","title":{"rendered":"Suport en Oncologia"},"content":{"rendered":"<p><div class=\"fusion-fullwidth fullwidth-box fusion-builder-row-1 fusion-parallax-none nonhundred-percent-fullwidth non-hundred-percent-height-scrolling\" style=\"--awb-background-blend-mode:overlay;--awb-border-radius-top-left:0px;--awb-border-radius-top-right:0px;--awb-border-radius-bottom-right:0px;--awb-border-radius-bottom-left:0px;--awb-padding-top:200px;--awb-padding-bottom:200px;--awb-background-color:rgba(0,0,0,0.3);--awb-background-image:url(&quot;http:\/\/ozono-terapia.com\/wp-content\/uploads\/2019\/05\/apoyo-onc.jpg&quot;);--awb-background-size:cover;--awb-flex-wrap:wrap;\" ><div class=\"fusion-builder-row fusion-row\"><div class=\"fusion-layout-column fusion_builder_column fusion-builder-column-0 fusion_builder_column_1_1 1_1 fusion-one-full fusion-column-first fusion-column-last\" style=\"--awb-bg-size:cover;\"><div class=\"fusion-column-wrapper fusion-flex-column-wrapper-legacy\"><div class=\"fusion-title title fusion-title-1 fusion-sep-none fusion-title-center fusion-title-text fusion-title-size-one\" style=\"--awb-text-color:#ffffff;\"><h1 class=\"fusion-title-heading title-heading-center fusion-responsive-typography-calculated\" style=\"margin:0;--fontSize:80;line-height:1;\">Suport en Oncologia<\/h1><\/div><div class=\"fusion-clearfix\"><\/div><\/div><\/div><\/div><\/div><div class=\"fusion-fullwidth fullwidth-box fusion-builder-row-2 nonhundred-percent-fullwidth non-hundred-percent-height-scrolling\" style=\"--awb-border-radius-top-left:0px;--awb-border-radius-top-right:0px;--awb-border-radius-bottom-right:0px;--awb-border-radius-bottom-left:0px;--awb-margin-top:70px;--awb-flex-wrap:wrap;\" ><div class=\"fusion-builder-row fusion-row\"><div class=\"fusion-layout-column fusion_builder_column fusion-builder-column-1 fusion_builder_column_1_2 1_2 fusion-one-half fusion-column-first\" style=\"--awb-bg-size:cover;width:50%;width:calc(50% - ( ( 4% ) * 0.5 ) );margin-right: 4%;\"><div class=\"fusion-column-wrapper fusion-flex-column-wrapper-legacy\"><div class=\"fusion-text fusion-text-1\"><div class=\"page-header\">\n<div class=\"page-header\">\n<div class=\"page-header\">\n<div class=\"page-header\">\n<h3><strong>Ozonoter\u00e0pia en Oncologia<\/strong><\/h3>\n<\/div>\n<div>\n<p><img decoding=\"async\" class=\" wp-image-1332 alignleft\" src=\"http:\/\/ozono-terapia.com\/wp-content\/uploads\/2019\/05\/administracion-arteriosclerosis.jpg\" alt=\"\" width=\"341\" height=\"297\" srcset=\"https:\/\/www.ozono-terapia.com\/wp-content\/uploads\/2019\/05\/administracion-arteriosclerosis-200x174.jpg 200w, https:\/\/www.ozono-terapia.com\/wp-content\/uploads\/2019\/05\/administracion-arteriosclerosis-300x262.jpg 300w, https:\/\/www.ozono-terapia.com\/wp-content\/uploads\/2019\/05\/administracion-arteriosclerosis-400x349.jpg 400w, https:\/\/www.ozono-terapia.com\/wp-content\/uploads\/2019\/05\/administracion-arteriosclerosis-600x523.jpg 600w, https:\/\/www.ozono-terapia.com\/wp-content\/uploads\/2019\/05\/administracion-arteriosclerosis.jpg 741w\" sizes=\"(max-width: 341px) 100vw, 341px\" \/><\/p>\n<p>L&#8217;ozonoter\u00e0pia administrada de manera sist\u00e8mica, en forma d&#8217;autohemoter\u00e0pia, aconsegueix per una banda un augment d\u00b4una subst\u00e0ncia que tenim a la sang el 2.3DPG eritrocitari i per una altra banda una disminuci\u00f3 de l&#8217;agregaci\u00f3 eritrocit\u00e0ria donant com a resultat una major aportaci\u00f3 d&#8217;oxigen a nivell de tots els teixits de l&#8217;organisme.<\/p>\n<p>Una major aportaci\u00f3 d&#8217;oxigen a nivell general donar\u00e0 al pacient la possibilitat d&#8217;iniciar un cert grau d&#8217;activitat f\u00edsica en la seva vida quotidiana. Si a m\u00e9s \u00e9s capa\u00e7 de, poc a poc, realitzar una mica d&#8217;exercici f\u00edsic, aix\u00f2 generar\u00e0 endorfines que s\u00f3n unes subst\u00e0ncies que provoquen una sensaci\u00f3 de benestar.<\/p>\n<p>En definitiva el que s\u00b4intenta amb l&#8217;ozonoter\u00e0pia \u00e9s trencar el cercle de negativitat en el qual a vegades es troba immers el pacient amb c\u00e0ncer. El nombre de sessions que s\u00b4aconsellen \u00e9s de 10 a 15 sent la seva freq\u00fc\u00e8ncia setmanal (1 sessi\u00f3\/setmana).<\/p>\n<\/div>\n<\/div>\n<\/div>\n<\/div>\n<\/div><div class=\"fusion-clearfix\"><\/div><\/div><\/div><div class=\"fusion-layout-column fusion_builder_column fusion-builder-column-2 fusion_builder_column_1_2 1_2 fusion-one-half fusion-column-last\" style=\"--awb-bg-size:cover;width:50%;width:calc(50% - ( ( 4% ) * 0.5 ) );\"><div class=\"fusion-column-wrapper fusion-flex-column-wrapper-legacy\"><div class=\"fusion-text fusion-text-2\"><div class=\"page-header\">\n<h3><strong>Qu\u00e8 \u00e9s suport en Oncologia<\/strong><\/h3>\n<\/div>\n<div class=\"entry-header\">\n<p>Un dels s\u00edmptomes que m\u00e9s afecten als pacients oncol\u00f2gics \u00e9s l\u00b4ast\u00e8nia o sensaci\u00f3 de cansament. Aquest cansament que presenten per igual homes i dones, pot provenir de la mateixa malatia, per\u00f2 l\u00b4acusen de manera m\u00e9s intensa els pacients que han rebut radioterapia i sobre tot quimioter\u00e0pia. Es caracteritza per una sensaci\u00f3 de debilitat i fatiga que es diferencia del cansament habitual en que no millora amb el descans i que la seva intensitat no es correspon al nivell d\u00b4esfor\u00e7 que realitza la persona. Aquesta ast\u00e8nia pot interferir en la vida social del malalt (no t\u00e9 ganes de veure familiars o amics), fa que disminueixi les seves activitats d\u00b4oci i en definitiva dificulta la reincorporaci\u00f3 de la persona a les seves tasques quotidianes.<\/p>\n<p>Aquest cansament, que segons una enquesta realitzada en hospitals espanyols l\u00b4any 2007 pot afect\u00e1 en major o menor mesura m\u00e9s del 90% dels pacients amb c\u00e0ncer, ha d\u00b4\u00e8sser tractat. En cas de presentar el pacient an\u00e8mia s\u00b4ha de valorar la possibilitat de tractament amb factors eritropoi\u00e8tics, si el pacient presenta insomni es prescriur\u00e0 un inductor del son, si existeix una depressi\u00f3 es tractar\u00e0 amb antidepressius, etc.<\/p>\n<p>L\u00b4ozonoter\u00e0pia pot millorar la qualitat de vida d\u00b4aquests pacients ja que per una part augmentar\u00e0 una subst\u00e0ncia que tots tenim a la sang, el 2-3 DPG eritrocitrari, el qual competeix amb la Hb (Hemoglobina) per l\u00b4oxigen i augmenta la cessi\u00f3 d\u00b4oxigen a nivell dels teixits i \u00f2rgans i per una altra, aconseguir\u00e0 una disminuci\u00f3 de l\u00b4agregaci\u00f3 eritrocit\u00e0ria tenint com a resultat un major alliberament d\u00b4oxigen a nivell de tots els teixits del nostre organisme.<\/p>\n<p>En tots els pa\u00efsos amb nivell d\u00b4assist\u00e8ncia m\u00e8dica avan\u00e7ada es tracta ja de manera integral al pacient amb c\u00e0ncer, \u00e9s a dir, no nom\u00e9s el tumor en s\u00ed sin\u00f3 al pacient amb totes les seves necessitats.<\/p>\n<\/div>\n<\/div><div class=\"fusion-clearfix\"><\/div><\/div><\/div><\/div><\/div><div class=\"fusion-fullwidth fullwidth-box fusion-builder-row-3 nonhundred-percent-fullwidth non-hundred-percent-height-scrolling\" style=\"--awb-border-sizes-top:0px;--awb-border-sizes-bottom:0px;--awb-border-sizes-left:0px;--awb-border-sizes-right:0px;--awb-border-radius-top-left:0px;--awb-border-radius-top-right:0px;--awb-border-radius-bottom-right:0px;--awb-border-radius-bottom-left:0px;--awb-padding-top:30px;--awb-padding-bottom:30px;--awb-background-color:#f9f9f9;--awb-flex-wrap:wrap;\" ><div class=\"fusion-builder-row fusion-row\"><div class=\"fusion-layout-column fusion_builder_column fusion-builder-column-3 fusion_builder_column_1_1 1_1 fusion-one-full fusion-column-first fusion-column-last\" style=\"--awb-bg-size:cover;\"><div class=\"fusion-column-wrapper fusion-flex-column-wrapper-legacy\"><div class=\"fusion-title title fusion-title-2 fusion-sep-none fusion-title-center fusion-title-text fusion-title-size-two\" style=\"--awb-text-color:#444444;--awb-margin-bottom:20px;--awb-font-size:40px;\"><h2 class=\"fusion-title-heading title-heading-center fusion-responsive-typography-calculated\" style=\"margin:0;font-size:1em;--fontSize:40;line-height:1.25;\">ELS NOSTRES ESPECIALISTES<\/h2><\/div><div class=\"fusion-clearfix\"><\/div><\/div><\/div><div class=\"fusion-layout-column fusion_builder_column fusion-builder-column-4 fusion_builder_column_1_4 1_4 fusion-one-fourth fusion-column-first\" style=\"--awb-bg-size:cover;width:22%; margin-right: 4%;\"><div class=\"fusion-column-wrapper fusion-flex-column-wrapper-legacy\"><div class=\"fusion-image-element in-legacy-container\" style=\"--awb-caption-title-font-family:var(--h2_typography-font-family);--awb-caption-title-font-weight:var(--h2_typography-font-weight);--awb-caption-title-font-style:var(--h2_typography-font-style);--awb-caption-title-size:var(--h2_typography-font-size);--awb-caption-title-transform:var(--h2_typography-text-transform);--awb-caption-title-line-height:var(--h2_typography-line-height);--awb-caption-title-letter-spacing:var(--h2_typography-letter-spacing);\"><span class=\" fusion-imageframe imageframe-none imageframe-1 hover-type-none\"><a class=\"fusion-no-lightbox\" href=\"\/ca\/equip\/dra-gloria-rovira-duplaa\/\" target=\"_self\"><img decoding=\"async\" width=\"800\" height=\"1102\" src=\"https:\/\/www.ozono-terapia.com\/wp-content\/uploads\/2022\/06\/gloria.jpg\" alt class=\"img-responsive wp-image-2701\" srcset=\"https:\/\/www.ozono-terapia.com\/wp-content\/uploads\/2022\/06\/gloria-200x276.jpg 200w, https:\/\/www.ozono-terapia.com\/wp-content\/uploads\/2022\/06\/gloria-400x551.jpg 400w, https:\/\/www.ozono-terapia.com\/wp-content\/uploads\/2022\/06\/gloria-600x827.jpg 600w, https:\/\/www.ozono-terapia.com\/wp-content\/uploads\/2022\/06\/gloria.jpg 800w\" sizes=\"(max-width: 800px) 100vw, 400px\" \/><\/a><\/span><\/div><div class=\"fusion-clearfix\"><\/div><\/div><\/div><div class=\"fusion-layout-column fusion_builder_column fusion-builder-column-5 fusion_builder_column_1_4 1_4 fusion-one-fourth\" style=\"--awb-bg-size:cover;width:22%; margin-right: 4%;\"><div class=\"fusion-column-wrapper fusion-flex-column-wrapper-legacy\"><div class=\"fusion-text fusion-text-3\"><h3><strong>Dra. Gloria Rovira Dupl\u00e1a<\/strong><\/h3>\n<p><em>Jefe de la Unidad de Ozonoterapia desde 1987<\/em><\/p>\n<\/div><div class=\"fusion-text fusion-text-4\"><p><strong>Formaci\u00f3n Acad\u00e9mica:<\/strong><\/p>\n<ul>\n<li>Internado Rotatorio en el Beth Israel Medical Center de Newark (EEUU).<\/li>\n<li>Licenciada en Medicina y Cirug\u00eda por la Universidad Aut\u00f3noma de Barcelona.<\/li>\n<li>Doctorada en Medicina por la Medizinische Hochschule Hannover (Alemania).<\/li>\n<\/ul>\n<\/div><div class=\"fusion-clearfix\"><\/div><\/div><\/div><div class=\"fusion-layout-column fusion_builder_column fusion-builder-column-6 fusion_builder_column_1_4 1_4 fusion-one-fourth\" style=\"--awb-bg-size:cover;width:22%; margin-right: 4%;\"><div class=\"fusion-column-wrapper fusion-flex-column-wrapper-legacy\"><div class=\"fusion-image-element in-legacy-container\" style=\"--awb-caption-title-font-family:var(--h2_typography-font-family);--awb-caption-title-font-weight:var(--h2_typography-font-weight);--awb-caption-title-font-style:var(--h2_typography-font-style);--awb-caption-title-size:var(--h2_typography-font-size);--awb-caption-title-transform:var(--h2_typography-text-transform);--awb-caption-title-line-height:var(--h2_typography-line-height);--awb-caption-title-letter-spacing:var(--h2_typography-letter-spacing);\"><span class=\" fusion-imageframe imageframe-none imageframe-2 hover-type-none\"><a class=\"fusion-no-lightbox\" href=\"\/equipo\/dra-montserrat-gonzalez-palomares\/\" target=\"_self\" aria-label=\"IMG_6431-6\"><img decoding=\"async\" width=\"871\" height=\"1200\" src=\"http:\/\/ozono-terapia.com\/wp-content\/uploads\/2019\/04\/IMG_6431-6.jpg\" alt class=\"img-responsive wp-image-1662\" srcset=\"https:\/\/www.ozono-terapia.com\/wp-content\/uploads\/2019\/04\/IMG_6431-6-200x276.jpg 200w, https:\/\/www.ozono-terapia.com\/wp-content\/uploads\/2019\/04\/IMG_6431-6-400x551.jpg 400w, https:\/\/www.ozono-terapia.com\/wp-content\/uploads\/2019\/04\/IMG_6431-6-600x827.jpg 600w, https:\/\/www.ozono-terapia.com\/wp-content\/uploads\/2019\/04\/IMG_6431-6-800x1102.jpg 800w, https:\/\/www.ozono-terapia.com\/wp-content\/uploads\/2019\/04\/IMG_6431-6.jpg 871w\" sizes=\"(max-width: 800px) 100vw, 400px\" \/><\/a><\/span><\/div><div class=\"fusion-clearfix\"><\/div><\/div><\/div><div class=\"fusion-layout-column fusion_builder_column fusion-builder-column-7 fusion_builder_column_1_4 1_4 fusion-one-fourth fusion-column-last\" style=\"--awb-bg-size:cover;width:22%;\"><div class=\"fusion-column-wrapper fusion-flex-column-wrapper-legacy\"><div class=\"fusion-text fusion-text-5\"><h3><strong>Dra. Montserrat Gonzalez Palomares<\/strong><\/h3>\n<p><em>Homeopat\u00eda y Medicina Natural<\/em><\/p>\n<\/div><div class=\"fusion-text fusion-text-6\"><p><strong>Formaci\u00f3n Acad\u00e9mica:<\/strong><\/p>\n<ul>\n<li>Llicenciada en Medicina i Cirurgia per la Universitat Aut\u00f2noma de Barcelona<\/li>\n<li>Diploma de Acupuntura Tradicional. Asociaci\u00f3n Espa\u00f1ola para la Ense\u00f1anza de la Acupuntura Tradicional y Asociaci\u00f3n M\u00e9dica de Acupuntura y Estimuloterapia (Barcelona)<\/li>\n<\/ul>\n<\/div><div class=\"fusion-clearfix\"><\/div><\/div><\/div><\/div><\/div><\/p>\n","protected":false},"excerpt":{"rendered":"","protected":false},"author":1,"featured_media":0,"parent":0,"menu_order":0,"comment_status":"closed","ping_status":"closed","template":"100-width.php","meta":{"footnotes":""},"class_list":["post-1622","page","type-page","status-publish","hentry"],"yoast_head":"<!-- This site is optimized with the Yoast SEO plugin v27.4 - https:\/\/yoast.com\/product\/yoast-seo-wordpress\/ -->\n<title>Suport en Oncologia - Institut Catal\u00e0 d&#039;Ozonoter\u00e0pia<\/title>\n<meta name=\"robots\" content=\"index, follow, max-snippet:-1, max-image-preview:large, max-video-preview:-1\" \/>\n<link rel=\"canonical\" href=\"https:\/\/www.ozono-terapia.com\/ca\/suport-en-oncologia\/\" \/>\n<meta property=\"og:locale\" content=\"ca_ES\" \/>\n<meta property=\"og:type\" content=\"article\" \/>\n<meta property=\"og:title\" content=\"Suport en Oncologia - Institut Catal\u00e0 d&#039;Ozonoter\u00e0pia\" \/>\n<meta property=\"og:url\" content=\"https:\/\/www.ozono-terapia.com\/ca\/suport-en-oncologia\/\" \/>\n<meta property=\"og:site_name\" content=\"Institut Catal\u00e0 d&#039;Ozonoter\u00e0pia\" \/>\n<meta property=\"article:modified_time\" content=\"2022-06-13T10:44:51+00:00\" \/>\n<meta property=\"og:image\" content=\"http:\/\/ozono-terapia.com\/wp-content\/uploads\/2019\/05\/administracion-arteriosclerosis.jpg\" \/>\n<meta name=\"twitter:card\" content=\"summary_large_image\" \/>\n<meta name=\"twitter:label1\" content=\"Temps estimat de lectura\" \/>\n\t<meta name=\"twitter:data1\" content=\"10 minuts\" \/>\n<script type=\"application\/ld+json\" class=\"yoast-schema-graph\">{\"@context\":\"https:\\\/\\\/schema.org\",\"@graph\":[{\"@type\":\"WebPage\",\"@id\":\"https:\\\/\\\/www.ozono-terapia.com\\\/ca\\\/suport-en-oncologia\\\/\",\"url\":\"https:\\\/\\\/www.ozono-terapia.com\\\/ca\\\/suport-en-oncologia\\\/\",\"name\":\"Suport en Oncologia - Institut Catal\u00e0 d&#039;Ozonoter\u00e0pia\",\"isPartOf\":{\"@id\":\"https:\\\/\\\/www.ozono-terapia.com\\\/#website\"},\"primaryImageOfPage\":{\"@id\":\"https:\\\/\\\/www.ozono-terapia.com\\\/ca\\\/suport-en-oncologia\\\/#primaryimage\"},\"image\":{\"@id\":\"https:\\\/\\\/www.ozono-terapia.com\\\/ca\\\/suport-en-oncologia\\\/#primaryimage\"},\"thumbnailUrl\":\"http:\\\/\\\/ozono-terapia.com\\\/wp-content\\\/uploads\\\/2019\\\/05\\\/administracion-arteriosclerosis.jpg\",\"datePublished\":\"2019-05-05T21:05:23+00:00\",\"dateModified\":\"2022-06-13T10:44:51+00:00\",\"breadcrumb\":{\"@id\":\"https:\\\/\\\/www.ozono-terapia.com\\\/ca\\\/suport-en-oncologia\\\/#breadcrumb\"},\"inLanguage\":\"ca\",\"potentialAction\":[{\"@type\":\"ReadAction\",\"target\":[\"https:\\\/\\\/www.ozono-terapia.com\\\/ca\\\/suport-en-oncologia\\\/\"]}]},{\"@type\":\"ImageObject\",\"inLanguage\":\"ca\",\"@id\":\"https:\\\/\\\/www.ozono-terapia.com\\\/ca\\\/suport-en-oncologia\\\/#primaryimage\",\"url\":\"http:\\\/\\\/ozono-terapia.com\\\/wp-content\\\/uploads\\\/2019\\\/05\\\/administracion-arteriosclerosis.jpg\",\"contentUrl\":\"http:\\\/\\\/ozono-terapia.com\\\/wp-content\\\/uploads\\\/2019\\\/05\\\/administracion-arteriosclerosis.jpg\"},{\"@type\":\"BreadcrumbList\",\"@id\":\"https:\\\/\\\/www.ozono-terapia.com\\\/ca\\\/suport-en-oncologia\\\/#breadcrumb\",\"itemListElement\":[{\"@type\":\"ListItem\",\"position\":1,\"name\":\"Home\",\"item\":\"https:\\\/\\\/www.ozono-terapia.com\\\/ca\\\/\"},{\"@type\":\"ListItem\",\"position\":2,\"name\":\"Suport en Oncologia\"}]},{\"@type\":\"WebSite\",\"@id\":\"https:\\\/\\\/www.ozono-terapia.com\\\/#website\",\"url\":\"https:\\\/\\\/www.ozono-terapia.com\\\/\",\"name\":\"Institut Catal\u00e0 d&#039;Ozonoter\u00e0pia\",\"description\":\"\",\"publisher\":{\"@id\":\"https:\\\/\\\/www.ozono-terapia.com\\\/#organization\"},\"potentialAction\":[{\"@type\":\"SearchAction\",\"target\":{\"@type\":\"EntryPoint\",\"urlTemplate\":\"https:\\\/\\\/www.ozono-terapia.com\\\/?s={search_term_string}\"},\"query-input\":{\"@type\":\"PropertyValueSpecification\",\"valueRequired\":true,\"valueName\":\"search_term_string\"}}],\"inLanguage\":\"ca\"},{\"@type\":\"Organization\",\"@id\":\"https:\\\/\\\/www.ozono-terapia.com\\\/#organization\",\"name\":\"Institut Catal\u00e0 d&#039;Ozonoter\u00e0pia\",\"url\":\"https:\\\/\\\/www.ozono-terapia.com\\\/\",\"logo\":{\"@type\":\"ImageObject\",\"inLanguage\":\"ca\",\"@id\":\"https:\\\/\\\/www.ozono-terapia.com\\\/#\\\/schema\\\/logo\\\/image\\\/\",\"url\":\"https:\\\/\\\/www.ozono-terapia.com\\\/wp-content\\\/uploads\\\/2019\\\/02\\\/ozono_logo_2x.png\",\"contentUrl\":\"https:\\\/\\\/www.ozono-terapia.com\\\/wp-content\\\/uploads\\\/2019\\\/02\\\/ozono_logo_2x.png\",\"width\":572,\"height\":100,\"caption\":\"Institut Catal\u00e0 d&#039;Ozonoter\u00e0pia\"},\"image\":{\"@id\":\"https:\\\/\\\/www.ozono-terapia.com\\\/#\\\/schema\\\/logo\\\/image\\\/\"}}]}<\/script>\n<!-- \/ Yoast SEO plugin. -->","yoast_head_json":{"title":"Suport en Oncologia - Institut Catal\u00e0 d&#039;Ozonoter\u00e0pia","robots":{"index":"index","follow":"follow","max-snippet":"max-snippet:-1","max-image-preview":"max-image-preview:large","max-video-preview":"max-video-preview:-1"},"canonical":"https:\/\/www.ozono-terapia.com\/ca\/suport-en-oncologia\/","og_locale":"ca_ES","og_type":"article","og_title":"Suport en Oncologia - Institut Catal\u00e0 d&#039;Ozonoter\u00e0pia","og_url":"https:\/\/www.ozono-terapia.com\/ca\/suport-en-oncologia\/","og_site_name":"Institut Catal\u00e0 d&#039;Ozonoter\u00e0pia","article_modified_time":"2022-06-13T10:44:51+00:00","og_image":[{"url":"http:\/\/ozono-terapia.com\/wp-content\/uploads\/2019\/05\/administracion-arteriosclerosis.jpg","type":"","width":"","height":""}],"twitter_card":"summary_large_image","twitter_misc":{"Temps estimat de lectura":"10 minuts"},"schema":{"@context":"https:\/\/schema.org","@graph":[{"@type":"WebPage","@id":"https:\/\/www.ozono-terapia.com\/ca\/suport-en-oncologia\/","url":"https:\/\/www.ozono-terapia.com\/ca\/suport-en-oncologia\/","name":"Suport en Oncologia - Institut Catal\u00e0 d&#039;Ozonoter\u00e0pia","isPartOf":{"@id":"https:\/\/www.ozono-terapia.com\/#website"},"primaryImageOfPage":{"@id":"https:\/\/www.ozono-terapia.com\/ca\/suport-en-oncologia\/#primaryimage"},"image":{"@id":"https:\/\/www.ozono-terapia.com\/ca\/suport-en-oncologia\/#primaryimage"},"thumbnailUrl":"http:\/\/ozono-terapia.com\/wp-content\/uploads\/2019\/05\/administracion-arteriosclerosis.jpg","datePublished":"2019-05-05T21:05:23+00:00","dateModified":"2022-06-13T10:44:51+00:00","breadcrumb":{"@id":"https:\/\/www.ozono-terapia.com\/ca\/suport-en-oncologia\/#breadcrumb"},"inLanguage":"ca","potentialAction":[{"@type":"ReadAction","target":["https:\/\/www.ozono-terapia.com\/ca\/suport-en-oncologia\/"]}]},{"@type":"ImageObject","inLanguage":"ca","@id":"https:\/\/www.ozono-terapia.com\/ca\/suport-en-oncologia\/#primaryimage","url":"http:\/\/ozono-terapia.com\/wp-content\/uploads\/2019\/05\/administracion-arteriosclerosis.jpg","contentUrl":"http:\/\/ozono-terapia.com\/wp-content\/uploads\/2019\/05\/administracion-arteriosclerosis.jpg"},{"@type":"BreadcrumbList","@id":"https:\/\/www.ozono-terapia.com\/ca\/suport-en-oncologia\/#breadcrumb","itemListElement":[{"@type":"ListItem","position":1,"name":"Home","item":"https:\/\/www.ozono-terapia.com\/ca\/"},{"@type":"ListItem","position":2,"name":"Suport en Oncologia"}]},{"@type":"WebSite","@id":"https:\/\/www.ozono-terapia.com\/#website","url":"https:\/\/www.ozono-terapia.com\/","name":"Institut Catal\u00e0 d&#039;Ozonoter\u00e0pia","description":"","publisher":{"@id":"https:\/\/www.ozono-terapia.com\/#organization"},"potentialAction":[{"@type":"SearchAction","target":{"@type":"EntryPoint","urlTemplate":"https:\/\/www.ozono-terapia.com\/?s={search_term_string}"},"query-input":{"@type":"PropertyValueSpecification","valueRequired":true,"valueName":"search_term_string"}}],"inLanguage":"ca"},{"@type":"Organization","@id":"https:\/\/www.ozono-terapia.com\/#organization","name":"Institut Catal\u00e0 d&#039;Ozonoter\u00e0pia","url":"https:\/\/www.ozono-terapia.com\/","logo":{"@type":"ImageObject","inLanguage":"ca","@id":"https:\/\/www.ozono-terapia.com\/#\/schema\/logo\/image\/","url":"https:\/\/www.ozono-terapia.com\/wp-content\/uploads\/2019\/02\/ozono_logo_2x.png","contentUrl":"https:\/\/www.ozono-terapia.com\/wp-content\/uploads\/2019\/02\/ozono_logo_2x.png","width":572,"height":100,"caption":"Institut Catal\u00e0 d&#039;Ozonoter\u00e0pia"},"image":{"@id":"https:\/\/www.ozono-terapia.com\/#\/schema\/logo\/image\/"}}]}},"_links":{"self":[{"href":"https:\/\/www.ozono-terapia.com\/ca\/wp-json\/wp\/v2\/pages\/1622","targetHints":{"allow":["GET"]}}],"collection":[{"href":"https:\/\/www.ozono-terapia.com\/ca\/wp-json\/wp\/v2\/pages"}],"about":[{"href":"https:\/\/www.ozono-terapia.com\/ca\/wp-json\/wp\/v2\/types\/page"}],"author":[{"embeddable":true,"href":"https:\/\/www.ozono-terapia.com\/ca\/wp-json\/wp\/v2\/users\/1"}],"replies":[{"embeddable":true,"href":"https:\/\/www.ozono-terapia.com\/ca\/wp-json\/wp\/v2\/comments?post=1622"}],"version-history":[{"count":0,"href":"https:\/\/www.ozono-terapia.com\/ca\/wp-json\/wp\/v2\/pages\/1622\/revisions"}],"wp:attachment":[{"href":"https:\/\/www.ozono-terapia.com\/ca\/wp-json\/wp\/v2\/media?parent=1622"}],"curies":[{"name":"wp","href":"https:\/\/api.w.org\/{rel}","templated":true}]}}