{"id":1445,"date":"2019-05-28T12:09:56","date_gmt":"2019-05-28T10:09:56","guid":{"rendered":"http:\/\/ozono-terapia.com\/dra-montserrat-gonzalez-palomares\/"},"modified":"2019-06-04T00:52:10","modified_gmt":"2019-06-03T22:52:10","slug":"dra-montserrat-gonzalez-palomares","status":"publish","type":"page","link":"https:\/\/www.ozono-terapia.com\/ca\/equip\/dra-montserrat-gonzalez-palomares\/","title":{"rendered":"Dra. Montserrat Gonzalez Palomares"},"content":{"rendered":"<p><div class=\"fusion-fullwidth fullwidth-box fusion-builder-row-1 hundred-percent-fullwidth non-hundred-percent-height-scrolling fusion-no-small-visibility\" style=\"--awb-border-radius-top-left:0px;--awb-border-radius-top-right:0px;--awb-border-radius-bottom-right:0px;--awb-border-radius-bottom-left:0px;--awb-padding-right:0px;--awb-padding-left:0px;--awb-margin-top:80px;--awb-flex-wrap:wrap;\" ><div class=\"fusion-builder-row fusion-row\"><div class=\"fusion-layout-column fusion_builder_column fusion-builder-column-0 fusion_builder_column_1_6 1_6 fusion-one-sixth fusion-column-first\" style=\"--awb-bg-size:cover;width:16.666666666667%;width:calc(16.666666666667% - ( ( -80px + -80px ) * 0.16666666666667 ) );margin-right: -80px;\"><div class=\"fusion-column-wrapper fusion-flex-column-wrapper-legacy\"><div class=\"fusion-clearfix\"><\/div><\/div><\/div><div class=\"fusion-layout-column fusion_builder_column fusion-builder-column-1 fusion_builder_column_1_3 1_3 fusion-one-third\" style=\"--awb-bg-size:cover;width:33.333333333333%;width:calc(33.333333333333% - ( ( -80px + -80px ) * 0.33333333333333 ) );margin-right: -80px;\"><div class=\"fusion-column-wrapper fusion-flex-column-wrapper-legacy\"><div class=\"fusion-image-element fusion-image-align-right in-legacy-container\" style=\"text-align:right;--awb-max-width:480px;--awb-caption-title-font-family:var(--h2_typography-font-family);--awb-caption-title-font-weight:var(--h2_typography-font-weight);--awb-caption-title-font-style:var(--h2_typography-font-style);--awb-caption-title-size:var(--h2_typography-font-size);--awb-caption-title-transform:var(--h2_typography-text-transform);--awb-caption-title-line-height:var(--h2_typography-line-height);--awb-caption-title-letter-spacing:var(--h2_typography-letter-spacing);\"><span class=\" fusion-imageframe imageframe-none imageframe-1 hover-type-none\" style=\"margin-left:25px;float:right;\"><img decoding=\"async\" width=\"871\" height=\"1200\" title=\"IMG_6431-6\" src=\"http:\/\/ozono-terapia.com\/wp-content\/uploads\/2019\/04\/IMG_6431-6.jpg\" alt class=\"img-responsive wp-image-1662\" srcset=\"https:\/\/www.ozono-terapia.com\/wp-content\/uploads\/2019\/04\/IMG_6431-6-200x276.jpg 200w, https:\/\/www.ozono-terapia.com\/wp-content\/uploads\/2019\/04\/IMG_6431-6-400x551.jpg 400w, https:\/\/www.ozono-terapia.com\/wp-content\/uploads\/2019\/04\/IMG_6431-6-600x827.jpg 600w, https:\/\/www.ozono-terapia.com\/wp-content\/uploads\/2019\/04\/IMG_6431-6-800x1102.jpg 800w, https:\/\/www.ozono-terapia.com\/wp-content\/uploads\/2019\/04\/IMG_6431-6.jpg 871w\" sizes=\"(max-width: 800px) 100vw, 600px\" \/><\/span><\/div><div class=\"fusion-clearfix\"><\/div><\/div><\/div><div class=\"fusion-layout-column fusion_builder_column fusion-builder-column-2 fusion_builder_column_1_2 1_2 fusion-one-half fusion-column-last\" style=\"--awb-padding-top:50px;--awb-padding-right:30px;--awb-padding-bottom:30px;--awb-padding-left:120px;--awb-bg-color:#00a8bf;--awb-bg-color-hover:#00a8bf;--awb-bg-size:cover;--awb-margin-top:70px;width:50%;width:calc(50% - ( ( -80px + -80px ) * 0.5 ) );\"><div class=\"fusion-column-wrapper fusion-flex-column-wrapper-legacy\"><div class=\"fusion-builder-row fusion-builder-row-inner fusion-row\"><div class=\"fusion-layout-column fusion_builder_column_inner fusion-builder-nested-column-0 fusion_builder_column_inner_3_4 3_4 fusion-three-fourth fusion-column-first\" style=\"--awb-bg-size:cover;width:75%;width:calc(75% - ( ( 4% ) * 0.75 ) );margin-right: 4%;\"><div class=\"fusion-column-wrapper fusion-flex-column-wrapper-legacy\"><div class=\"fusion-text fusion-text-1\"><h2><span style=\"color: #ffffff;\">Dra. Montserrat Gonzalez<br \/>\nPalomares<\/span><\/h2>\n<\/div><div class=\"fusion-text fusion-text-2\"><p><span style=\"color: #ffffff;\"><strong>Formaci\u00f3 Acad\u00e8mica:<\/strong><\/span><\/p>\n<p><span style=\"color: #ffffff;\"><strong>1982<\/strong>\u00a0&#8211; Llicenciada en Medicina i Cirurgia per la Universitat Aut\u00f2noma de Barcelona<\/span><\/p>\n<p><span style=\"color: #ffffff;\"><strong>1986<\/strong>\u00a0&#8211; Diploma de Acupuntura Tradicional. Asociaci\u00f3n Espa\u00f1ola para la Ense\u00f1anza de la Acupuntura Tradicional y Asociaci\u00f3n M\u00e9dica de Acupuntura y Estimuloterapia (Barcelona)<\/span><\/p>\n<p><span style=\"color: #ffffff;\"><strong>1994<\/strong>\u00a0&#8211; Diploma de Terap\u00e8utica Homeop\u00e0tica. Centre d&#8217;Etudes et Documentation en Homeopatie (Paris)<\/span><\/p>\n<p><span style=\"color: #ffffff;\"><strong>2009<\/strong>\u00a0&#8211; M\u00e0ster en Medicina Naturista per la Universitat de Barcelona i la Universitat Aut\u00f2noma de Barcelona<\/span><\/p>\n<p><span style=\"color: #ffffff;\"><strong>Trajectoria Professional:<\/strong><\/span><\/p>\n<p><span style=\"color: #ffffff;\"><strong>1985-96<\/strong>\u00a0&#8211; Metge col.laborador a la consulta de Medicina Natural del Dr. Miquel Pros Casas. Barcelona.<\/span><\/p>\n<p><span style=\"color: #ffffff;\"><strong>1988<\/strong>\u00a0&#8211; Metge col.laborador a la Unitat d&#8217;Ozonoter\u00e0pia. Cl\u00ednica Quir\u00f3n. Barcelona<\/span><\/p>\n<p><span style=\"color: #ffffff;\"><strong>2005<\/strong>\u00a0&#8211; Institut Catal\u00e0 d&#8217;Ozonoterapia. Barcelona<\/span><\/p>\n<p><span style=\"color: #ffffff;\"><strong>Doc\u00e8ncia \/ Societats:<\/strong><\/span><\/p>\n<p><span style=\"color: #ffffff;\">Vice-presidenta de la Secci\u00f2 Col.legial de Metges Naturistes del Col.legi Oficial de Metges de Barcelona (COMB)<\/span><\/p>\n<p><span style=\"color: #ffffff;\">Coordinadora i docent al M\u00e0ster en Medicina Naturista i Infermeria Naturista. Universitat de Barcelona i Universitat Aut\u00f2noma de Barcelona.<\/span><\/p>\n<p><span style=\"color: #ffffff;\">Coordinadora i docent del Curs d\u2019introducci\u00f3 a la Medicina Naturista. Centre d\u2019Estudis Col.legials. COMB.<\/span><\/p>\n<p><span style=\"color: #ffffff;\">Docent al Curs de Postgrau en Medicina Naturista. Atenci\u00f3 Prim\u00e0ria de Salut. Fundaci\u00f3 Bosch i Gimpera. Universitat de Barcelona.<\/span><\/p>\n<p><span style=\"color: #ffffff;\">Docent al curs de Formaci\u00f3 Postgraduada en Ter\u00e0pies Naturals. Escola Universit\u00e0ria d\u2019Infermeria. Sant Joan de D\u00e9u.<\/span><\/p>\n<p><span style=\"color: #ffffff;\">Membre de la Sociedad Espa\u00f1ola de Ozonoterapia (SEOT)<\/span><\/p>\n<\/div><div class=\"fusion-clearfix\"><\/div><\/div><\/div><div class=\"fusion-layout-column fusion_builder_column_inner fusion-builder-nested-column-1 fusion_builder_column_inner_1_4 1_4 fusion-one-fourth fusion-column-last\" style=\"--awb-bg-size:cover;width:25%;width:calc(25% - ( ( 4% ) * 0.25 ) );\"><div class=\"fusion-column-wrapper fusion-flex-column-wrapper-legacy\"><div class=\"fusion-clearfix\"><\/div><\/div><\/div><\/div><div class=\"fusion-clearfix\"><\/div><\/div><\/div><\/div><\/div><div class=\"fusion-fullwidth fullwidth-box fusion-builder-row-2 hundred-percent-fullwidth non-hundred-percent-height-scrolling fusion-no-medium-visibility fusion-no-large-visibility\" style=\"--awb-border-radius-top-left:0px;--awb-border-radius-top-right:0px;--awb-border-radius-bottom-right:0px;--awb-border-radius-bottom-left:0px;--awb-padding-right:0px;--awb-padding-left:0px;--awb-flex-wrap:wrap;\" ><div class=\"fusion-builder-row fusion-row\"><div class=\"fusion-layout-column fusion_builder_column fusion-builder-column-3 fusion_builder_column_1_2 1_2 fusion-one-half fusion-column-first\" style=\"--awb-bg-size:cover;--awb-margin-bottom:0px;width:50%;width:calc(50% - ( ( 4% ) * 0.5 ) );margin-right: 4%;\"><div class=\"fusion-column-wrapper fusion-flex-column-wrapper-legacy\"><div class=\"fusion-image-element fusion-image-align-center in-legacy-container\" style=\"text-align:center;--awb-caption-title-font-family:var(--h2_typography-font-family);--awb-caption-title-font-weight:var(--h2_typography-font-weight);--awb-caption-title-font-style:var(--h2_typography-font-style);--awb-caption-title-size:var(--h2_typography-font-size);--awb-caption-title-transform:var(--h2_typography-text-transform);--awb-caption-title-line-height:var(--h2_typography-line-height);--awb-caption-title-letter-spacing:var(--h2_typography-letter-spacing);\"><div class=\"imageframe-align-center\"><span class=\" fusion-imageframe imageframe-none imageframe-2 hover-type-none\"><img decoding=\"async\" width=\"871\" height=\"1200\" title=\"IMG_6431-6\" src=\"http:\/\/ozono-terapia.com\/wp-content\/uploads\/2019\/04\/IMG_6431-6.jpg\" alt class=\"img-responsive wp-image-1662\" srcset=\"https:\/\/www.ozono-terapia.com\/wp-content\/uploads\/2019\/04\/IMG_6431-6-200x276.jpg 200w, https:\/\/www.ozono-terapia.com\/wp-content\/uploads\/2019\/04\/IMG_6431-6-400x551.jpg 400w, https:\/\/www.ozono-terapia.com\/wp-content\/uploads\/2019\/04\/IMG_6431-6-600x827.jpg 600w, https:\/\/www.ozono-terapia.com\/wp-content\/uploads\/2019\/04\/IMG_6431-6-800x1102.jpg 800w, https:\/\/www.ozono-terapia.com\/wp-content\/uploads\/2019\/04\/IMG_6431-6.jpg 871w\" sizes=\"(max-width: 800px) 100vw, 600px\" \/><\/span><\/div><\/div><div class=\"fusion-clearfix\"><\/div><\/div><\/div><div class=\"fusion-layout-column fusion_builder_column fusion-builder-column-4 fusion_builder_column_1_2 1_2 fusion-one-half fusion-column-last\" style=\"--awb-padding-top:30px;--awb-padding-right:20px;--awb-padding-bottom:30px;--awb-padding-left:20px;--awb-bg-color:#00a8bf;--awb-bg-color-hover:#00a8bf;--awb-bg-size:cover;width:50%;width:calc(50% - ( ( 4% ) * 0.5 ) );\"><div class=\"fusion-column-wrapper fusion-flex-column-wrapper-legacy\"><div class=\"fusion-builder-row fusion-builder-row-inner fusion-row\"><div class=\"fusion-layout-column fusion_builder_column_inner fusion-builder-nested-column-2 fusion_builder_column_inner_1_1 1_1 fusion-one-full fusion-column-first fusion-column-last\" style=\"--awb-bg-size:cover;\"><div class=\"fusion-column-wrapper fusion-flex-column-wrapper-legacy\"><div class=\"fusion-text fusion-text-3\"><h2><span style=\"color: #ffffff;\">Dra. Montserrat Gonzalez<br \/>\nPalomares<\/span><\/h2>\n<\/div><div class=\"fusion-text fusion-text-4\"><p><span style=\"color: #ffffff;\"><strong>Formaci\u00f3 Acad\u00e8mica:<\/strong><\/span><\/p>\n<p><span style=\"color: #ffffff;\"><strong>1982<\/strong>\u00a0&#8211; Llicenciada en Medicina i Cirurgia per la Universitat Aut\u00f2noma de Barcelona<\/span><\/p>\n<p><span style=\"color: #ffffff;\"><strong>1986<\/strong>\u00a0&#8211; Diploma de Acupuntura Tradicional. Asociaci\u00f3n Espa\u00f1ola para la Ense\u00f1anza de la Acupuntura Tradicional y Asociaci\u00f3n M\u00e9dica de Acupuntura y Estimuloterapia (Barcelona)<\/span><\/p>\n<p><span style=\"color: #ffffff;\"><strong>1994<\/strong>\u00a0&#8211; Diploma de Terap\u00e8utica Homeop\u00e0tica. Centre d&#8217;Etudes et Documentation en Homeopatie (Paris)<\/span><\/p>\n<p><span style=\"color: #ffffff;\"><strong>2009<\/strong>\u00a0&#8211; M\u00e0ster en Medicina Naturista per la Universitat de Barcelona i la Universitat Aut\u00f2noma de Barcelona<\/span><\/p>\n<p><span style=\"color: #ffffff;\"><strong>Trajectoria Professional:<\/strong><\/span><\/p>\n<p><span style=\"color: #ffffff;\"><strong>1985-96<\/strong>\u00a0&#8211; Metge col.laborador a la consulta de Medicina Natural del Dr. Miquel Pros Casas. Barcelona.<\/span><\/p>\n<p><span style=\"color: #ffffff;\"><strong>1988<\/strong>\u00a0&#8211; Metge col.laborador a la Unitat d&#8217;Ozonoter\u00e0pia. Cl\u00ednica Quir\u00f3n. Barcelona<\/span><\/p>\n<p><span style=\"color: #ffffff;\"><strong>2005<\/strong>\u00a0&#8211; Institut Catal\u00e0 d&#8217;Ozonoterapia. Barcelona<\/span><\/p>\n<p><span style=\"color: #ffffff;\"><strong>Doc\u00e8ncia \/ Societats:<\/strong><\/span><\/p>\n<p><span style=\"color: #ffffff;\">Vice-presidenta de la Secci\u00f2 Col.legial de Metges Naturistes del Col.legi Oficial de Metges de Barcelona (COMB)<\/span><\/p>\n<p><span style=\"color: #ffffff;\">Coordinadora i docent al M\u00e0ster en Medicina Naturista i Infermeria Naturista. Universitat de Barcelona i Universitat Aut\u00f2noma de Barcelona.<\/span><\/p>\n<p><span style=\"color: #ffffff;\">Coordinadora i docent del Curs d\u2019introducci\u00f3 a la Medicina Naturista. Centre d\u2019Estudis Col.legials. COMB.<\/span><\/p>\n<p><span style=\"color: #ffffff;\">Docent al Curs de Postgrau en Medicina Naturista. Atenci\u00f3 Prim\u00e0ria de Salut. Fundaci\u00f3 Bosch i Gimpera. Universitat de Barcelona.<\/span><\/p>\n<p><span style=\"color: #ffffff;\">Docent al curs de Formaci\u00f3 Postgraduada en Ter\u00e0pies Naturals. Escola Universit\u00e0ria d\u2019Infermeria. Sant Joan de D\u00e9u.<\/span><\/p>\n<p><span style=\"color: #ffffff;\">Membre de la Sociedad Espa\u00f1ola de Ozonoterapia (SEOT)<\/span><\/p>\n<\/div><div class=\"fusion-clearfix\"><\/div><\/div><\/div><\/div><div class=\"fusion-clearfix\"><\/div><\/div><\/div><\/div><\/div><\/p>\n","protected":false},"excerpt":{"rendered":"","protected":false},"author":1,"featured_media":0,"parent":1657,"menu_order":0,"comment_status":"closed","ping_status":"closed","template":"100-width.php","meta":{"footnotes":""},"class_list":["post-1445","page","type-page","status-publish","hentry"],"yoast_head":"<!-- This site is optimized with the Yoast SEO plugin v26.3 - https:\/\/yoast.com\/wordpress\/plugins\/seo\/ -->\n<title>Dra. Montserrat Gonzalez Palomares - Institut Catal\u00e0 d&#039;Ozonoter\u00e0pia<\/title>\n<meta name=\"robots\" content=\"index, follow, max-snippet:-1, max-image-preview:large, max-video-preview:-1\" \/>\n<link rel=\"canonical\" href=\"https:\/\/www.ozono-terapia.com\/ca\/equip\/dra-montserrat-gonzalez-palomares\/\" \/>\n<meta property=\"og:locale\" content=\"ca_ES\" \/>\n<meta property=\"og:type\" content=\"article\" \/>\n<meta property=\"og:title\" content=\"Dra. Montserrat Gonzalez Palomares - Institut Catal\u00e0 d&#039;Ozonoter\u00e0pia\" \/>\n<meta property=\"og:url\" content=\"https:\/\/www.ozono-terapia.com\/ca\/equip\/dra-montserrat-gonzalez-palomares\/\" \/>\n<meta property=\"og:site_name\" content=\"Institut Catal\u00e0 d&#039;Ozonoter\u00e0pia\" \/>\n<meta property=\"article:modified_time\" content=\"2019-06-03T22:52:10+00:00\" \/>\n<meta name=\"twitter:card\" content=\"summary_large_image\" \/>\n<meta name=\"twitter:label1\" content=\"Temps estimat de lectura\" \/>\n\t<meta name=\"twitter:data1\" content=\"8 minuts\" \/>\n<script type=\"application\/ld+json\" class=\"yoast-schema-graph\">{\"@context\":\"https:\/\/schema.org\",\"@graph\":[{\"@type\":\"WebPage\",\"@id\":\"https:\/\/www.ozono-terapia.com\/ca\/equip\/dra-montserrat-gonzalez-palomares\/\",\"url\":\"https:\/\/www.ozono-terapia.com\/ca\/equip\/dra-montserrat-gonzalez-palomares\/\",\"name\":\"Dra. Montserrat Gonzalez Palomares - Institut Catal\u00e0 d&#039;Ozonoter\u00e0pia\",\"isPartOf\":{\"@id\":\"https:\/\/www.ozono-terapia.com\/#website\"},\"datePublished\":\"2019-05-28T10:09:56+00:00\",\"dateModified\":\"2019-06-03T22:52:10+00:00\",\"breadcrumb\":{\"@id\":\"https:\/\/www.ozono-terapia.com\/ca\/equip\/dra-montserrat-gonzalez-palomares\/#breadcrumb\"},\"inLanguage\":\"ca\",\"potentialAction\":[{\"@type\":\"ReadAction\",\"target\":[\"https:\/\/www.ozono-terapia.com\/ca\/equip\/dra-montserrat-gonzalez-palomares\/\"]}]},{\"@type\":\"BreadcrumbList\",\"@id\":\"https:\/\/www.ozono-terapia.com\/ca\/equip\/dra-montserrat-gonzalez-palomares\/#breadcrumb\",\"itemListElement\":[{\"@type\":\"ListItem\",\"position\":1,\"name\":\"Home\",\"item\":\"https:\/\/www.ozono-terapia.com\/ca\/\"},{\"@type\":\"ListItem\",\"position\":2,\"name\":\"Equip\",\"item\":\"https:\/\/www.ozono-terapia.com\/ca\/equip\/\"},{\"@type\":\"ListItem\",\"position\":3,\"name\":\"Dra. Montserrat Gonzalez Palomares\"}]},{\"@type\":\"WebSite\",\"@id\":\"https:\/\/www.ozono-terapia.com\/#website\",\"url\":\"https:\/\/www.ozono-terapia.com\/\",\"name\":\"Institut Catal\u00e0 d&#039;Ozonoter\u00e0pia\",\"description\":\"\",\"publisher\":{\"@id\":\"https:\/\/www.ozono-terapia.com\/#organization\"},\"potentialAction\":[{\"@type\":\"SearchAction\",\"target\":{\"@type\":\"EntryPoint\",\"urlTemplate\":\"https:\/\/www.ozono-terapia.com\/?s={search_term_string}\"},\"query-input\":{\"@type\":\"PropertyValueSpecification\",\"valueRequired\":true,\"valueName\":\"search_term_string\"}}],\"inLanguage\":\"ca\"},{\"@type\":\"Organization\",\"@id\":\"https:\/\/www.ozono-terapia.com\/#organization\",\"name\":\"Institut Catal\u00e0 d&#039;Ozonoter\u00e0pia\",\"url\":\"https:\/\/www.ozono-terapia.com\/\",\"logo\":{\"@type\":\"ImageObject\",\"inLanguage\":\"ca\",\"@id\":\"https:\/\/www.ozono-terapia.com\/#\/schema\/logo\/image\/\",\"url\":\"https:\/\/www.ozono-terapia.com\/wp-content\/uploads\/2019\/02\/ozono_logo_2x.png\",\"contentUrl\":\"https:\/\/www.ozono-terapia.com\/wp-content\/uploads\/2019\/02\/ozono_logo_2x.png\",\"width\":572,\"height\":100,\"caption\":\"Institut Catal\u00e0 d&#039;Ozonoter\u00e0pia\"},\"image\":{\"@id\":\"https:\/\/www.ozono-terapia.com\/#\/schema\/logo\/image\/\"}}]}<\/script>\n<!-- \/ Yoast SEO plugin. -->","yoast_head_json":{"title":"Dra. Montserrat Gonzalez Palomares - Institut Catal\u00e0 d&#039;Ozonoter\u00e0pia","robots":{"index":"index","follow":"follow","max-snippet":"max-snippet:-1","max-image-preview":"max-image-preview:large","max-video-preview":"max-video-preview:-1"},"canonical":"https:\/\/www.ozono-terapia.com\/ca\/equip\/dra-montserrat-gonzalez-palomares\/","og_locale":"ca_ES","og_type":"article","og_title":"Dra. Montserrat Gonzalez Palomares - Institut Catal\u00e0 d&#039;Ozonoter\u00e0pia","og_url":"https:\/\/www.ozono-terapia.com\/ca\/equip\/dra-montserrat-gonzalez-palomares\/","og_site_name":"Institut Catal\u00e0 d&#039;Ozonoter\u00e0pia","article_modified_time":"2019-06-03T22:52:10+00:00","twitter_card":"summary_large_image","twitter_misc":{"Temps estimat de lectura":"8 minuts"},"schema":{"@context":"https:\/\/schema.org","@graph":[{"@type":"WebPage","@id":"https:\/\/www.ozono-terapia.com\/ca\/equip\/dra-montserrat-gonzalez-palomares\/","url":"https:\/\/www.ozono-terapia.com\/ca\/equip\/dra-montserrat-gonzalez-palomares\/","name":"Dra. Montserrat Gonzalez Palomares - Institut Catal\u00e0 d&#039;Ozonoter\u00e0pia","isPartOf":{"@id":"https:\/\/www.ozono-terapia.com\/#website"},"datePublished":"2019-05-28T10:09:56+00:00","dateModified":"2019-06-03T22:52:10+00:00","breadcrumb":{"@id":"https:\/\/www.ozono-terapia.com\/ca\/equip\/dra-montserrat-gonzalez-palomares\/#breadcrumb"},"inLanguage":"ca","potentialAction":[{"@type":"ReadAction","target":["https:\/\/www.ozono-terapia.com\/ca\/equip\/dra-montserrat-gonzalez-palomares\/"]}]},{"@type":"BreadcrumbList","@id":"https:\/\/www.ozono-terapia.com\/ca\/equip\/dra-montserrat-gonzalez-palomares\/#breadcrumb","itemListElement":[{"@type":"ListItem","position":1,"name":"Home","item":"https:\/\/www.ozono-terapia.com\/ca\/"},{"@type":"ListItem","position":2,"name":"Equip","item":"https:\/\/www.ozono-terapia.com\/ca\/equip\/"},{"@type":"ListItem","position":3,"name":"Dra. Montserrat Gonzalez Palomares"}]},{"@type":"WebSite","@id":"https:\/\/www.ozono-terapia.com\/#website","url":"https:\/\/www.ozono-terapia.com\/","name":"Institut Catal\u00e0 d&#039;Ozonoter\u00e0pia","description":"","publisher":{"@id":"https:\/\/www.ozono-terapia.com\/#organization"},"potentialAction":[{"@type":"SearchAction","target":{"@type":"EntryPoint","urlTemplate":"https:\/\/www.ozono-terapia.com\/?s={search_term_string}"},"query-input":{"@type":"PropertyValueSpecification","valueRequired":true,"valueName":"search_term_string"}}],"inLanguage":"ca"},{"@type":"Organization","@id":"https:\/\/www.ozono-terapia.com\/#organization","name":"Institut Catal\u00e0 d&#039;Ozonoter\u00e0pia","url":"https:\/\/www.ozono-terapia.com\/","logo":{"@type":"ImageObject","inLanguage":"ca","@id":"https:\/\/www.ozono-terapia.com\/#\/schema\/logo\/image\/","url":"https:\/\/www.ozono-terapia.com\/wp-content\/uploads\/2019\/02\/ozono_logo_2x.png","contentUrl":"https:\/\/www.ozono-terapia.com\/wp-content\/uploads\/2019\/02\/ozono_logo_2x.png","width":572,"height":100,"caption":"Institut Catal\u00e0 d&#039;Ozonoter\u00e0pia"},"image":{"@id":"https:\/\/www.ozono-terapia.com\/#\/schema\/logo\/image\/"}}]}},"_links":{"self":[{"href":"https:\/\/www.ozono-terapia.com\/ca\/wp-json\/wp\/v2\/pages\/1445","targetHints":{"allow":["GET"]}}],"collection":[{"href":"https:\/\/www.ozono-terapia.com\/ca\/wp-json\/wp\/v2\/pages"}],"about":[{"href":"https:\/\/www.ozono-terapia.com\/ca\/wp-json\/wp\/v2\/types\/page"}],"author":[{"embeddable":true,"href":"https:\/\/www.ozono-terapia.com\/ca\/wp-json\/wp\/v2\/users\/1"}],"replies":[{"embeddable":true,"href":"https:\/\/www.ozono-terapia.com\/ca\/wp-json\/wp\/v2\/comments?post=1445"}],"version-history":[{"count":0,"href":"https:\/\/www.ozono-terapia.com\/ca\/wp-json\/wp\/v2\/pages\/1445\/revisions"}],"up":[{"embeddable":true,"href":"https:\/\/www.ozono-terapia.com\/ca\/wp-json\/wp\/v2\/pages\/1657"}],"wp:attachment":[{"href":"https:\/\/www.ozono-terapia.com\/ca\/wp-json\/wp\/v2\/media?parent=1445"}],"curies":[{"name":"wp","href":"https:\/\/api.w.org\/{rel}","templated":true}]}}